{"id":478,"date":"2024-11-03T10:41:01","date_gmt":"2024-11-03T10:41:01","guid":{"rendered":"https:\/\/rumme.ondrejwebdesign.com\/?page_id=478"},"modified":"2025-03-10T16:47:35","modified_gmt":"2025-03-10T16:47:35","slug":"poptat-degustaci","status":"publish","type":"page","link":"https:\/\/rumme.cz\/en\/poptat-degustaci\/","title":{"rendered":"Request a tasting"},"content":{"rendered":"<section class=\"bde-section-478-100 bde-section\">\n  \n  \n\t\n\n\n\n<div class=\"section-container\"><h1 class=\"bde-heading-478-103 bde-heading\">\nRequest a tasting\n<\/h1><h2 class=\"bde-heading-478-104 bde-heading\">\nFill in the form and get a customized offer for your event\n<\/h2><\/div>\n<\/section><section class=\"bde-section-478-101 bde-section\">\n  \n  \n\t\n\n\n\n<div class=\"section-container\"><div class=\"bde-form-builder-478-105 bde-form-builder\">\n\n\n<form id=\"kontaktni-formular105\" class=\"breakdance-form breakdance-form--vertical\" data-options=\"{&quot;slug&quot;:&quot;custom&quot;,&quot;name&quot;:&quot;Kontaktn\\u00ed formul\\u00e1\\u0159&quot;,&quot;ajaxUrl&quot;:&quot;https:\\\/\\\/rumme.cz\\\/wp-admin\\\/admin-ajax.php&quot;,&quot;clearOnSuccess&quot;:true,&quot;hideOnSuccess&quot;:false,&quot;successMessage&quot;:&quot;Va\\u0161e popt\\u00e1vka byla p\\u0159ijata. Ozveme se co nejd\\u0159\\u00edve!&quot;,&quot;errorMessage&quot;:&quot;N\\u011bco se pokazilo&quot;,&quot;redirect&quot;:false,&quot;redirectUrl&quot;:&quot;&quot;,&quot;customJavaScript&quot;:&quot;&quot;,&quot;recaptcha&quot;:{&quot;key&quot;:&quot;&quot;,&quot;enabled&quot;:false},&quot;honeypot_enabled&quot;:false,&quot;popupsOnSuccess&quot;:[],&quot;popupsOnError&quot;:[]}\" data-steps=\"2\"  data-current-step=\"1\" action=\"\" >\n  \n  <div class=\"breakdance-form-stepper\">\n    <div class=\"breakdance-form-stepper__list\">\n                    <div class=\"breakdance-form-stepper__step\" data-stepper-step=\"1\">\n                <div class=\"breakdance-form-stepper__step-icon\">\n                                            <span>1<\/span>\n                                    <\/div>\n                                    <div class=\"breakdance-form-stepper__label\">Degustation specifications<\/div>\n                            <\/div>\n            <div class=\"breakdance-form-stepper__separator\"><\/div>\n                    <div class=\"breakdance-form-stepper__step\" data-stepper-step=\"2\">\n                <div class=\"breakdance-form-stepper__step-icon\">\n                                            <span>2<\/span>\n                                    <\/div>\n                                    <div class=\"breakdance-form-stepper__label\">Basic information<\/div>\n                            <\/div>\n            <div class=\"breakdance-form-stepper__separator\"><\/div>\n            <\/div>\n<\/div>\n\n  \n<div class=\"breakdance-form-field breakdance-form-field--select hidden-step\"  data-form-step=\"1\" >\n    \n    \n            <label class=\"breakdance-form-field__label\" for=\"vyznam\">\n            The importance of tasting at the event<span class=\"breakdance-form-field__required\">*<\/span>\n        <\/label>\n    \n    <select\n    class=\"breakdance-form-field__input\"\n    id=\"vyznam\"\n    name=\"fields[vyznam]\"\n    required\n>\n      <option value=\"\">Select the meaning of tasting<\/option>\n          <option value=\"Hlavn\u00ed program akce\" >Main programme of the event<\/option>\n        <option value=\"Dopl\u0148kov\u00fd program akce\" >Supplementary programme of the event<\/option>\n  <\/select>\n\n\n    \n    \n<\/div>\n\n\n<div class=\"breakdance-form-field breakdance-form-field--number hidden-step\"  data-form-step=\"1\" >\n    \n    \n            <label class=\"breakdance-form-field__label\" for=\"pocet-ucastniku\">\n            What number of participants do you expect?<span class=\"breakdance-form-field__required\">*<\/span>\n        <\/label>\n    \n    <input\n    class=\"breakdance-form-field__input\"\n    id=\"pocet-ucastniku\"\n    aria-describedby=\"pocet-ucastniku\"\n    type=\"number\"\n    name=\"fields[pocet-ucastniku]\"\n    placeholder=\"Enter the number of participants\"\n    value=\"\"\n                \n        \n        \n    required\n>\n\n\n    \n    \n<\/div>\n\n\n<div class=\"breakdance-form-field breakdance-form-field--select hidden-step\"  data-form-step=\"1\" >\n    \n    \n            <label class=\"breakdance-form-field__label\" for=\"rozpocet\">\n            Do you have a set budget?\n        <\/label>\n    \n    <select\n    class=\"breakdance-form-field__input\"\n    id=\"rozpocet\"\n    name=\"fields[rozpocet]\"\n    \n    \n        >\n      <option value=\"\">Vyberte rozpo\u010det<\/option>\n          <option value=\"Nem\u00e1m\" >I don't<\/option>\n        <option value=\"do 15.000 K\u010d\" >up to 15.000 CZK<\/option>\n        <option value=\"do 25.000 K\u010d\" >up to 25.000 CZK<\/option>\n        <option value=\"do 35.000 K\u010d\" >up to 35.000 CZK<\/option>\n        <option value=\"do 50.000 K\u010d\" >up to 50.000 CZK<\/option>\n        <option value=\"V\u00edce\" >More<\/option>\n  <\/select>\n\n\n    \n    \n<\/div>\n\n\n<div class=\"breakdance-form-field breakdance-form-field--date hidden-step\"  data-form-step=\"1\" >\n    \n    \n            <label class=\"breakdance-form-field__label\" for=\"termin\">\n            Date of the event<span class=\"breakdance-form-field__required\">*<\/span>\n        <\/label>\n    \n    <input\n    class=\"breakdance-form-field__input\"\n    id=\"termin\"\n    aria-describedby=\"termin\"\n    type=\"date\"\n    name=\"fields[termin]\"\n    placeholder=\"\"\n    value=\"\"\n                \n        \n        \n    required\n>\n\n\n    \n    \n<\/div>\n\n\n<div class=\"breakdance-form-field breakdance-form-field--text hidden-step\"  data-form-step=\"1\" >\n    \n    \n            <label class=\"breakdance-form-field__label\" for=\"misto\">\n            Venue of the event\n        <\/label>\n    \n    <input\n    class=\"breakdance-form-field__input\"\n    id=\"misto\"\n    aria-describedby=\"misto\"\n    type=\"text\"\n    name=\"fields[misto]\"\n    placeholder=\"Enter the venue\"\n    value=\"\"\n                \n        \n        \n    \n    \n    \n>\n\n\n    \n    \n<\/div>\n\n\n<div class=\"breakdance-form-field breakdance-form-field--text hidden-step\"  data-form-step=\"2\" >\n    \n    \n            <label class=\"breakdance-form-field__label\" for=\"jmeno\">\n            Name and surname<span class=\"breakdance-form-field__required\">*<\/span>\n        <\/label>\n    \n    <input\n    class=\"breakdance-form-field__input\"\n    id=\"jmeno\"\n    aria-describedby=\"jmeno\"\n    type=\"text\"\n    name=\"fields[jmeno]\"\n    placeholder=\"Your name and surname\"\n    value=\"\"\n                \n        \n        \n    required\n>\n\n\n    \n    \n<\/div>\n\n\n<div class=\"breakdance-form-field breakdance-form-field--email hidden-step\"  data-form-step=\"2\" >\n    \n    \n            <label class=\"breakdance-form-field__label\" for=\"email\">\n            E-mail<span class=\"breakdance-form-field__required\">*<\/span>\n        <\/label>\n    \n    <input\n    class=\"breakdance-form-field__input\"\n    id=\"email\"\n    aria-describedby=\"email\"\n    type=\"email\"\n    name=\"fields[email]\"\n    placeholder=\"Your e-mail\"\n    value=\"\"\n                \n        \n        \n    required\n>\n\n\n    \n    \n<\/div>\n\n\n<div class=\"breakdance-form-field breakdance-form-field--tel hidden-step\"  data-form-step=\"2\" >\n    \n    \n            <label class=\"breakdance-form-field__label\" for=\"telefon\">\n            Phone<span class=\"breakdance-form-field__required\">*<\/span>\n        <\/label>\n    \n    <input\n    class=\"breakdance-form-field__input\"\n    id=\"telefon\"\n    aria-describedby=\"telefon\"\n    type=\"tel\"\n    name=\"fields[telefon]\"\n    placeholder=\"Enter your phone number\"\n    value=\"\"\n                \n        \n        \n    required\n>\n\n\n    \n    \n<\/div>\n\n\n<div class=\"breakdance-form-field breakdance-form-field--textarea hidden-step\"  data-form-step=\"2\" >\n    \n    \n            <label class=\"breakdance-form-field__label\" for=\"poznamka\">\n            Note\n        <\/label>\n    \n    <textarea\n    class=\"breakdance-form-field__input\"\n    id=\"poznamka\"\n    aria-describedby=\"poznamka\"\n    type=\"textarea\"\n    name=\"fields[poznamka]\"\n        placeholder=\"Do you want to add information we should know?\"\n    \n    >\n<\/textarea>\n\n\n    \n    \n<\/div>\n\n\n<div class=\"breakdance-form-field breakdance-form-field--html hidden-step\"  data-form-step=\"2\" >\n    \n    \n    \n    <div class=\"form-input-html\"\n                data-conditional-field-id=\"\"\n            data-conditional-value=\"\"\n        data-conditional-operand=\"equals\"\n\n    >\n  <p style=\"14px\">By submitting you agree to <a style=\"text-decoration: underline; color: #c4aa77;\">our privacy policy<\/a><\/p>\n<\/div>\n\n\n    \n    \n<\/div>\n\n\n  \n\n<div class=\"breakdance-form-field breakdance-form-footer\">\n            <div class=\"breakdance-form-field breakdance-form-field--step-buttons\" data-form-step=\"1\">\n            \n                                    \n    \n    \n    \n    \n            \n            <button type=\"button\" class=\"button-atom button-atom--secondary breakdance-form-button breakdance-form-button__previous-step hidden\"  >\n    \n        <span class=\"button-atom__text\">Previous step<\/span>\n\n        \n        \n            <\/button>\n    \n            \n                                    \n    \n    \n    \n    \n            \n            <button type=\"button\" class=\"button-atom button-atom--primary breakdance-form-button breakdance-form-button__next-step hidden\"  >\n    \n        <span class=\"button-atom__text\">The next step<\/span>\n\n        \n        \n            <\/button>\n    \n        <\/div>\n            <div class=\"breakdance-form-field breakdance-form-field--step-buttons\" data-form-step=\"2\">\n            \n                                    \n    \n    \n    \n    \n            \n            <button type=\"button\" class=\"button-atom button-atom--secondary breakdance-form-button breakdance-form-button__previous-step hidden\"  >\n    \n        <span class=\"button-atom__text\">Previous step<\/span>\n\n        \n        \n            <\/button>\n    \n            \n                                    \n    \n    \n    \n    \n            \n            <button type=\"button\" class=\"button-atom button-atom--primary breakdance-form-button breakdance-form-button__next-step hidden\"  >\n    \n        <span class=\"button-atom__text\">The next step<\/span>\n\n        \n        \n            <\/button>\n    \n        <\/div>\n    \n    \n                                    \n    \n    \n    \n    \n            \n            <button type=\"submit\" class=\"button-atom button-atom--primary breakdance-form-button breakdance-form-button__submit\"  >\n    \n        <span class=\"button-atom__text\">Send enquiry<\/span>\n\n        \n        \n            <\/button>\n    \n    <input type=\"hidden\" name=\"form_id\" value=\"105\">\n    <input type=\"hidden\" name=\"post_id\" value=\"478\">\n<\/div>\n\n  \n<input type=\"hidden\" name=\"trp-form-language\" value=\"en\"\/><\/form>\n\n\n\n<\/div><\/div>\n<\/section><div class=\"bde-globalblock-478-106 bde-globalblock section-180\">\n<section class=\"bde-section-237-100-237-1 bde-section bde-section-237-100\">\n  \n  \n\t\n\n\n\n<div class=\"section-container\"><h2 class=\"bde-heading-237-101-237-1 bde-heading bde-heading-237-101\">\nWhy choose RumMe?\n<\/h2><div class=\"bde-columns-237-102-237-1 bde-columns bde-columns-237-102\"><div class=\"bde-column-237-103-237-1 bde-column bde-column-237-103\">\n  \n  \n\t\n\n\n\n<div class=\"bde-image-237-115-237-1 bde-image bde-image-237-115\">\n<figure class=\"breakdance-image breakdance-image--249\">\n\t<div class=\"breakdance-image-container\">\n\t\t<div class=\"breakdance-image-clip\"><img decoding=\"async\" class=\"breakdance-image-object lazyload\" data-src=\"https:\/\/rumme.cz\/wp-content\/uploads\/2024\/09\/rumme-scale.svg\" width=\"\" height=\"\" src=\"data:image\/svg+xml;base64,PHN2ZyB3aWR0aD0iMSIgaGVpZ2h0PSIxIiB4bWxucz0iaHR0cDovL3d3dy53My5vcmcvMjAwMC9zdmciPjwvc3ZnPg==\"><\/div>\n\t<\/div><\/figure>\n\n<\/div><div class=\"bde-text-237-105-237-1 bde-text bde-text-237-105\">\nIndependent Rum Ambassador\n<\/div>\n<\/div><div class=\"bde-column-237-106-237-1 bde-column bde-column-237-106\">\n  \n  \n\t\n\n\n\n<div class=\"bde-image-237-116-237-1 bde-image bde-image-237-116\">\n<figure class=\"breakdance-image breakdance-image--248\">\n\t<div class=\"breakdance-image-container\">\n\t\t<div class=\"breakdance-image-clip\"><img decoding=\"async\" class=\"breakdance-image-object lazyload\" data-src=\"https:\/\/rumme.cz\/wp-content\/uploads\/2024\/09\/rumme-globe.svg\" width=\"\" height=\"\" src=\"data:image\/svg+xml;base64,PHN2ZyB3aWR0aD0iMSIgaGVpZ2h0PSIxIiB4bWxucz0iaHR0cDovL3d3dy53My5vcmcvMjAwMC9zdmciPjwvc3ZnPg==\"><\/div>\n\t<\/div><\/figure>\n\n<\/div><div class=\"bde-text-237-108-237-1 bde-text bde-text-237-108\">\nExperience with rums across the world\n<\/div>\n<\/div><div class=\"bde-column-237-109-237-1 bde-column bde-column-237-109\">\n  \n  \n\t\n\n\n\n<div class=\"bde-image-237-117-237-1 bde-image bde-image-237-117\">\n<figure class=\"breakdance-image breakdance-image--246\">\n\t<div class=\"breakdance-image-container\">\n\t\t<div class=\"breakdance-image-clip\"><img decoding=\"async\" class=\"breakdance-image-object lazyload\" data-src=\"https:\/\/rumme.cz\/wp-content\/uploads\/2024\/09\/rumme-education.svg\" width=\"\" height=\"\" src=\"data:image\/svg+xml;base64,PHN2ZyB3aWR0aD0iMSIgaGVpZ2h0PSIxIiB4bWxucz0iaHR0cDovL3d3dy53My5vcmcvMjAwMC9zdmciPjwvc3ZnPg==\"><\/div>\n\t<\/div><\/figure>\n\n<\/div><div class=\"bde-text-237-111-237-1 bde-text bde-text-237-111\">\nDeep knowledge of rum and alcoholic beverages\n<\/div>\n<\/div><div class=\"bde-column-237-112-237-1 bde-column bde-column-237-112\">\n  \n  \n\t\n\n\n\n<div class=\"bde-image-237-118-237-1 bde-image bde-image-237-118\">\n<figure class=\"breakdance-image breakdance-image--250\">\n\t<div class=\"breakdance-image-container\">\n\t\t<div class=\"breakdance-image-clip\"><img decoding=\"async\" class=\"breakdance-image-object lazyload\" data-src=\"https:\/\/rumme.cz\/wp-content\/uploads\/2024\/09\/rumme-tickets.svg\" width=\"\" height=\"\" src=\"data:image\/svg+xml;base64,PHN2ZyB3aWR0aD0iMSIgaGVpZ2h0PSIxIiB4bWxucz0iaHR0cDovL3d3dy53My5vcmcvMjAwMC9zdmciPjwvc3ZnPg==\"><\/div>\n\t<\/div><\/figure>\n\n<\/div><div class=\"bde-text-237-114-237-1 bde-text bde-text-237-114\">\nUnique experiences and exclusive rum events.\n<\/div>\n<\/div><\/div><\/div>\n<\/section>\n<\/div>","protected":false},"excerpt":{"rendered":"<p>Poptat degustaci Nez\u00e1vazn\u011b vypl\u0148te formul\u00e1\u0159 a z\u00edskejte nab\u00eddku p\u0159izp\u016fsobenou va\u0161\u00ed akci 1 Specifikace degustace 2 Z\u00e1kladn\u00ed informace V\u00fdznam degustace na akci* Vyberte v\u00fdznam degustace Hlavn\u00ed program akce Dopl\u0148kov\u00fd program akce Jak\u00fd po\u010det \u00fa\u010dastn\u00edk\u016f o\u010dek\u00e1v\u00e1te?* M\u00e1te stanoven\u00fd rozpo\u010det? Vyberte rozpo\u010det Nem\u00e1m do 15.000 K\u010d do 25.000 K\u010d do 35.000 K\u010d do 50.000 K\u010d V\u00edce Term\u00edn kon\u00e1n\u00ed [&hellip;]<\/p>","protected":false},"author":1,"featured_media":0,"parent":0,"menu_order":8,"comment_status":"closed","ping_status":"closed","template":"","meta":{"_acf_changed":false,"_breakdance_hide_in_design_set":false,"_breakdance_tags":"","iawp_total_views":917,"footnotes":""},"class_list":["post-478","page","type-page","status-publish","hentry"],"acf":[],"yoast_head":"<!-- This site is optimized with the Yoast SEO plugin v27.4 - https:\/\/yoast.com\/product\/yoast-seo-wordpress\/ -->\n<title>Popt\u00e1vka rumov\u00e9 degustace \u2013 Poptat degustaci | RumMe.cz<\/title>\n<meta name=\"description\" content=\"Popt\u00e1vejte rumov\u00e9 degustace na m\u00edru pro va\u0161i akci. Nechte se prov\u00e9st sv\u011btem pr\u00e9miov\u00fdch rum\u016f s nez\u00e1visl\u00fdm ambasadorem.\" \/>\n<meta name=\"robots\" content=\"index, follow, max-snippet:-1, max-image-preview:large, max-video-preview:-1\" \/>\n<link rel=\"canonical\" href=\"https:\/\/rumme.cz\/en\/poptat-degustaci\/\" \/>\n<meta property=\"og:locale\" content=\"en_US\" \/>\n<meta property=\"og:type\" content=\"article\" \/>\n<meta property=\"og:title\" content=\"Popt\u00e1vka rumov\u00e9 degustace \u2013 Poptat degustaci | RumMe.cz\" \/>\n<meta property=\"og:description\" content=\"Popt\u00e1vejte rumov\u00e9 degustace na m\u00edru pro va\u0161i akci. Nechte se prov\u00e9st sv\u011btem pr\u00e9miov\u00fdch rum\u016f s nez\u00e1visl\u00fdm ambasadorem.\" \/>\n<meta property=\"og:url\" content=\"https:\/\/rumme.cz\/en\/poptat-degustaci\/\" \/>\n<meta property=\"og:site_name\" content=\"RumMe.cz\" \/>\n<meta property=\"article:modified_time\" content=\"2025-03-10T16:47:35+00:00\" \/>\n<meta name=\"twitter:card\" content=\"summary_large_image\" \/>\n<meta name=\"twitter:label1\" content=\"Est. reading time\" \/>\n\t<meta name=\"twitter:data1\" content=\"2 minutes\" \/>\n<script type=\"application\/ld+json\" class=\"yoast-schema-graph\">{\"@context\":\"https:\\\/\\\/schema.org\",\"@graph\":[{\"@type\":\"WebPage\",\"@id\":\"https:\\\/\\\/rumme.cz\\\/en\\\/poptat-degustaci\\\/\",\"url\":\"https:\\\/\\\/rumme.cz\\\/en\\\/poptat-degustaci\\\/\",\"name\":\"Popt\u00e1vka rumov\u00e9 degustace \u2013 Poptat degustaci | RumMe.cz\",\"isPartOf\":{\"@id\":\"https:\\\/\\\/rumme.cz\\\/#website\"},\"datePublished\":\"2024-11-03T10:41:01+00:00\",\"dateModified\":\"2025-03-10T16:47:35+00:00\",\"description\":\"Popt\u00e1vejte rumov\u00e9 degustace na m\u00edru pro va\u0161i akci. Nechte se prov\u00e9st sv\u011btem pr\u00e9miov\u00fdch rum\u016f s nez\u00e1visl\u00fdm ambasadorem.\",\"breadcrumb\":{\"@id\":\"https:\\\/\\\/rumme.cz\\\/en\\\/poptat-degustaci\\\/#breadcrumb\"},\"inLanguage\":\"en-US\",\"potentialAction\":[{\"@type\":\"ReadAction\",\"target\":[\"https:\\\/\\\/rumme.cz\\\/en\\\/poptat-degustaci\\\/\"]}]},{\"@type\":\"BreadcrumbList\",\"@id\":\"https:\\\/\\\/rumme.cz\\\/en\\\/poptat-degustaci\\\/#breadcrumb\",\"itemListElement\":[{\"@type\":\"ListItem\",\"position\":1,\"name\":\"Dom\u016f\",\"item\":\"https:\\\/\\\/rumme.cz\\\/\"},{\"@type\":\"ListItem\",\"position\":2,\"name\":\"Poptat degustaci\"}]},{\"@type\":\"WebSite\",\"@id\":\"https:\\\/\\\/rumme.cz\\\/#website\",\"url\":\"https:\\\/\\\/rumme.cz\\\/\",\"name\":\"Rumme\",\"description\":\"\",\"publisher\":{\"@id\":\"https:\\\/\\\/rumme.cz\\\/#organization\"},\"potentialAction\":[{\"@type\":\"SearchAction\",\"target\":{\"@type\":\"EntryPoint\",\"urlTemplate\":\"https:\\\/\\\/rumme.cz\\\/?s={search_term_string}\"},\"query-input\":{\"@type\":\"PropertyValueSpecification\",\"valueRequired\":true,\"valueName\":\"search_term_string\"}}],\"inLanguage\":\"en-US\"},{\"@type\":\"Organization\",\"@id\":\"https:\\\/\\\/rumme.cz\\\/#organization\",\"name\":\"Rumme\",\"url\":\"https:\\\/\\\/rumme.cz\\\/\",\"logo\":{\"@type\":\"ImageObject\",\"inLanguage\":\"en-US\",\"@id\":\"https:\\\/\\\/rumme.cz\\\/#\\\/schema\\\/logo\\\/image\\\/\",\"url\":\"https:\\\/\\\/rumme.cz\\\/wp-content\\\/uploads\\\/2024\\\/09\\\/rumme-logo-black.webp\",\"contentUrl\":\"https:\\\/\\\/rumme.cz\\\/wp-content\\\/uploads\\\/2024\\\/09\\\/rumme-logo-black.webp\",\"width\":319,\"height\":100,\"caption\":\"Rumme\"},\"image\":{\"@id\":\"https:\\\/\\\/rumme.cz\\\/#\\\/schema\\\/logo\\\/image\\\/\"}}]}<\/script>\n<!-- \/ Yoast SEO plugin. -->","yoast_head_json":{"title":"Popt\u00e1vka rumov\u00e9 degustace \u2013 Poptat degustaci | RumMe.cz","description":"Popt\u00e1vejte rumov\u00e9 degustace na m\u00edru pro va\u0161i akci. Nechte se prov\u00e9st sv\u011btem pr\u00e9miov\u00fdch rum\u016f s nez\u00e1visl\u00fdm ambasadorem.","robots":{"index":"index","follow":"follow","max-snippet":"max-snippet:-1","max-image-preview":"max-image-preview:large","max-video-preview":"max-video-preview:-1"},"canonical":"https:\/\/rumme.cz\/en\/poptat-degustaci\/","og_locale":"en_US","og_type":"article","og_title":"Popt\u00e1vka rumov\u00e9 degustace \u2013 Poptat degustaci | RumMe.cz","og_description":"Popt\u00e1vejte rumov\u00e9 degustace na m\u00edru pro va\u0161i akci. Nechte se prov\u00e9st sv\u011btem pr\u00e9miov\u00fdch rum\u016f s nez\u00e1visl\u00fdm ambasadorem.","og_url":"https:\/\/rumme.cz\/en\/poptat-degustaci\/","og_site_name":"RumMe.cz","article_modified_time":"2025-03-10T16:47:35+00:00","twitter_card":"summary_large_image","twitter_misc":{"Est. reading time":"2 minutes"},"schema":{"@context":"https:\/\/schema.org","@graph":[{"@type":"WebPage","@id":"https:\/\/rumme.cz\/en\/poptat-degustaci\/","url":"https:\/\/rumme.cz\/en\/poptat-degustaci\/","name":"Popt\u00e1vka rumov\u00e9 degustace \u2013 Poptat degustaci | RumMe.cz","isPartOf":{"@id":"https:\/\/rumme.cz\/#website"},"datePublished":"2024-11-03T10:41:01+00:00","dateModified":"2025-03-10T16:47:35+00:00","description":"Popt\u00e1vejte rumov\u00e9 degustace na m\u00edru pro va\u0161i akci. Nechte se prov\u00e9st sv\u011btem pr\u00e9miov\u00fdch rum\u016f s nez\u00e1visl\u00fdm ambasadorem.","breadcrumb":{"@id":"https:\/\/rumme.cz\/en\/poptat-degustaci\/#breadcrumb"},"inLanguage":"en-US","potentialAction":[{"@type":"ReadAction","target":["https:\/\/rumme.cz\/en\/poptat-degustaci\/"]}]},{"@type":"BreadcrumbList","@id":"https:\/\/rumme.cz\/en\/poptat-degustaci\/#breadcrumb","itemListElement":[{"@type":"ListItem","position":1,"name":"Dom\u016f","item":"https:\/\/rumme.cz\/"},{"@type":"ListItem","position":2,"name":"Poptat degustaci"}]},{"@type":"WebSite","@id":"https:\/\/rumme.cz\/#website","url":"https:\/\/rumme.cz\/","name":"Rumme","description":"","publisher":{"@id":"https:\/\/rumme.cz\/#organization"},"potentialAction":[{"@type":"SearchAction","target":{"@type":"EntryPoint","urlTemplate":"https:\/\/rumme.cz\/?s={search_term_string}"},"query-input":{"@type":"PropertyValueSpecification","valueRequired":true,"valueName":"search_term_string"}}],"inLanguage":"en-US"},{"@type":"Organization","@id":"https:\/\/rumme.cz\/#organization","name":"Rumme","url":"https:\/\/rumme.cz\/","logo":{"@type":"ImageObject","inLanguage":"en-US","@id":"https:\/\/rumme.cz\/#\/schema\/logo\/image\/","url":"https:\/\/rumme.cz\/wp-content\/uploads\/2024\/09\/rumme-logo-black.webp","contentUrl":"https:\/\/rumme.cz\/wp-content\/uploads\/2024\/09\/rumme-logo-black.webp","width":319,"height":100,"caption":"Rumme"},"image":{"@id":"https:\/\/rumme.cz\/#\/schema\/logo\/image\/"}}]}},"_links":{"self":[{"href":"https:\/\/rumme.cz\/en\/wp-json\/wp\/v2\/pages\/478","targetHints":{"allow":["GET"]}}],"collection":[{"href":"https:\/\/rumme.cz\/en\/wp-json\/wp\/v2\/pages"}],"about":[{"href":"https:\/\/rumme.cz\/en\/wp-json\/wp\/v2\/types\/page"}],"author":[{"embeddable":true,"href":"https:\/\/rumme.cz\/en\/wp-json\/wp\/v2\/users\/1"}],"replies":[{"embeddable":true,"href":"https:\/\/rumme.cz\/en\/wp-json\/wp\/v2\/comments?post=478"}],"version-history":[{"count":13,"href":"https:\/\/rumme.cz\/en\/wp-json\/wp\/v2\/pages\/478\/revisions"}],"predecessor-version":[{"id":11521,"href":"https:\/\/rumme.cz\/en\/wp-json\/wp\/v2\/pages\/478\/revisions\/11521"}],"wp:attachment":[{"href":"https:\/\/rumme.cz\/en\/wp-json\/wp\/v2\/media?parent=478"}],"curies":[{"name":"wp","href":"https:\/\/api.w.org\/{rel}","templated":true}]}}