{"id":11432,"date":"2025-02-23T11:00:14","date_gmt":"2025-02-23T11:00:14","guid":{"rendered":"https:\/\/rumme.ondrejwebdesign.com\/?page_id=11432"},"modified":"2025-02-23T11:05:00","modified_gmt":"2025-02-23T11:05:00","slug":"ochrana-osobnich-udaju","status":"publish","type":"page","link":"https:\/\/rumme.cz\/en\/ochrana-osobnich-udaju\/","title":{"rendered":"Ochrana osobn\u00edch \u00fadaj\u016f"},"content":{"rendered":"<section class=\"bde-section-11432-100 bde-section\">\n  \n  \n\t\n\n\n\n<div class=\"section-container\"><div class=\"bde-code-block-11432-101 bde-code-block\">\n\n  <h3 class=\"privacy-policy-h1\">Z\u00e1sady ochrany osobn\u00edch \u00fadaj\u016f<\/h3>\n\n<p class=\"privacy-policy-p\">\n    Spr\u00e1vce osobn\u00edch \u00fadaj\u016f\n\n    Radek Navr\u00e1til,  \n    I\u010cO: 74820869,  \n    se s\u00eddlem Brno - \u017didenice, Velkopavlovick\u00e1 4084\/12, 62800,  \n    telefon: +420 734 484 804,  \n    e-mail: rumovedegustace@rumme.cz,  \n\n    na sb\u00edrce,  \n    pou\u017e\u00edv\u00e1n\u00ed a zve\u0159ej\u0148ov\u00e1n\u00ed va\u0161ich \u00fadaj\u016f, kter\u00e9 shroma\u017e\u010fujeme,  \n    kdy\u017e pou\u017e\u00edv\u00e1te na\u0161e webov\u00e9 str\u00e1nky (rumme.cz).  \n    (d\u00e1le jen \"slu\u017eba\"). P\u0159\u00edstupem nebo pou\u017e\u00edv\u00e1n\u00edm str\u00e1nek  \n    slu\u017eby souhlas\u00edte se shroma\u017e\u010fov\u00e1n\u00edm, pou\u017e\u00edv\u00e1n\u00edm a zp\u0159\u00edstup\u0148ov\u00e1n\u00edm informac\u00ed o slu\u017eb\u011b.  \n    Zve\u0159ej\u0148ov\u00e1n\u00ed va\u0161ich informac\u00ed v souladu s t\u011bmito  \n    z\u00e1sadami ochrany osobn\u00edch \u00fadaj\u016f. Pokud nesouhlas\u00edte,  \n    nep\u0159istupujte ke slu\u017eb\u011b ani ji nepou\u017e\u00edvejte.\n<\/p>\n\n<p class=\"privacy-policy-p\">\n    Tyto Z\u00e1sady ochrany osobn\u00edch \u00fadaj\u016f m\u016f\u017eeme kdykoli zm\u011bnit bez p\u0159edchoz\u00edho upozorn\u011bn\u00ed.\n<\/p>\n\n<ol class=\"privacy-policy-ol\">\n    <li>\n        <h5 class=\"privacy-policy-h2\">Informace, kter\u00e9 shroma\u017e\u010fujeme<\/h5>\n        <p class=\"privacy-policy-p\">Shroma\u017e\u010fujeme a zpracov\u00e1v\u00e1me o v\u00e1s n\u00e1sleduj\u00edc\u00ed osobn\u00ed \u00fadaje:<\/p>\n        <ol class=\"privacy-policy-ol\">\n            <li>jm\u00e9no a p\u0159\u00edjmen\u00ed<\/li>\n            <li>e-mailov\u00e1 adresa<\/li>\n            <li>telefon<\/li>\n            <li>IP Adresa<\/li>\n        <\/ol>\n    <\/li>\n    <li>\n        <h5 class=\"privacy-policy-h2\">Jak va\u0161e \u00fadaje pou\u017e\u00edv\u00e1me<\/h5>\n        <p class=\"privacy-policy-p\">Informace, kter\u00e9 o v\u00e1s shrom\u00e1\u017ed\u00edme, pou\u017eijeme k n\u00e1sleduj\u00edc\u00edm \u00fa\u010del\u016fm:<\/p>\n        <ol class=\"privacy-policy-ol\">\n            <li>Marketingov\u00e9 \/ propaga\u010dn\u00ed \u00fa\u010dely<\/li>\n            <li>Reference<\/li>\n            <li>Administrativn\u00ed informace<\/li>\n        <\/ol>\n        <p class=\"privacy-policy-p\">\n            Pokud budeme cht\u00edt va\u0161e \u00fadaje pou\u017e\u00edt k jak\u00e9mukoli jin\u00e9mu \u00fa\u010delu, po\u017e\u00e1d\u00e1me v\u00e1s o souhlas a va\u0161e \u00fadaje pou\u017eijeme pouze po obdr\u017een\u00ed va\u0161eho souhlasu, a to pouze k \u00fa\u010delu (\u00fa\u010del\u016fm), ke kter\u00e9mu (kter\u00fdm) souhlas ud\u011bl\u00edte, pokud n\u00e1m z\u00e1kon neukl\u00e1d\u00e1 jinak.\n        <\/p>\n    <\/li>\n    <li>\n        <h5 class=\"privacy-policy-h2\">Jak va\u0161e informace sd\u00edl\u00edme<\/h5>\n        <p class=\"privacy-policy-p\">\n            Va\u0161e osobn\u00ed \u00fadaje nep\u0159ed\u00e1me \u017e\u00e1dn\u00e9 t\u0159et\u00ed stran\u011b, ani\u017e bychom si vy\u017e\u00e1dali v\u00e1\u0161 souhlas, s v\u00fdjimkou omezen\u00fdch okolnost\u00ed popsan\u00fdch n\u00ed\u017ee:\n        <\/p>\n        <ol class=\"privacy-policy-ol\">\n            <li>Reklamn\u00ed slu\u017eby<\/li>\n            <li>Shroma\u017e\u010fov\u00e1n\u00ed a zpracov\u00e1n\u00ed \u00fadaj\u016f<\/li>\n        <\/ol>\n        <p class=\"privacy-policy-p\">\n            Po\u017eadujeme, aby tyto t\u0159et\u00ed strany pou\u017e\u00edvaly osobn\u00ed \u00fadaje, kter\u00e9 jim p\u0159ed\u00e1v\u00e1me, pouze k \u00fa\u010delu, pro kter\u00fd byly p\u0159ed\u00e1ny, a aby je neuchov\u00e1valy d\u00e9le, ne\u017e je nutn\u00e9 pro spln\u011bn\u00ed uveden\u00e9ho \u00fa\u010delu.\n        <\/p>\n        <p class=\"privacy-policy-p\">\n            Va\u0161e osobn\u00ed \u00fadaje m\u016f\u017eeme tak\u00e9 zp\u0159\u00edstupnit pro n\u00e1sleduj\u00edc\u00ed \u00fa\u010dely: (1) k dodr\u017een\u00ed platn\u00fdch z\u00e1kon\u016f, na\u0159\u00edzen\u00ed, soudn\u00edch p\u0159\u00edkaz\u016f nebo jin\u00fdch pr\u00e1vn\u00edch postup\u016f; (2) k vym\u00e1h\u00e1n\u00ed smluv s n\u00e1mi, v\u010detn\u011b t\u011bchto Z\u00e1sad ochrany osobn\u00edch \u00fadaj\u016f; nebo (3) k reakci na tvrzen\u00ed, \u017ee va\u0161e pou\u017e\u00edv\u00e1n\u00ed Slu\u017eby poru\u0161uje pr\u00e1va t\u0159et\u00edch stran. Pokud dojde ke slou\u010den\u00ed nebo p\u0159evzet\u00ed Slu\u017eby nebo na\u0161\u00ed spole\u010dnosti s jinou spole\u010dnost\u00ed, budou va\u0161e \u00fadaje jedn\u00edm z aktiv, kter\u00e1 budou p\u0159evedena na nov\u00e9ho vlastn\u00edka.\n        <\/p>\n    <\/li>\n    <li>\n        <h5 class=\"privacy-policy-h2\">Uchov\u00e1v\u00e1n\u00ed va\u0161ich informac\u00ed<\/h5>\n        <p class=\"privacy-policy-p\">\n            Va\u0161e osobn\u00ed \u00fadaje u n\u00e1s budeme uchov\u00e1vat po dobu 10 let nebo tak dlouho, dokud je budeme pot\u0159ebovat k napln\u011bn\u00ed \u00fa\u010del\u016f, pro kter\u00e9 byly shrom\u00e1\u017ed\u011bny, jak je podrobn\u011b uvedeno v t\u011bchto Z\u00e1sad\u00e1ch ochrany osobn\u00edch \u00fadaj\u016f.\n        <\/p>\n    <\/li>\n    <li>\n        <h5 class=\"privacy-policy-h2\">Va\u0161e pr\u00e1va<\/h5>\n        <p class=\"privacy-policy-p\">\n            V z\u00e1vislosti na platn\u00fdch pr\u00e1vn\u00edch p\u0159edpisech m\u016f\u017eete m\u00edt pr\u00e1vo na p\u0159\u00edstup ke sv\u00fdm osobn\u00edm \u00fadaj\u016fm a jejich opravu nebo vymaz\u00e1n\u00ed, nebo obdr\u017een\u00ed kopie sv\u00fdch osobn\u00edch \u00fadaj\u016f. Chcete-li uplatnit tato pr\u00e1va, m\u016f\u017eete n\u00e1m napsat na adresu rumovedegustace@rumme.cz nebo n\u00e1s kontaktovat telefonicky na \u010d\u00edsle +420 734 484 804.\n        <\/p>\n    <\/li>\n    <li>\n        <h5 class=\"privacy-policy-h2\">Soubory cookie<\/h5>\n        <p class=\"privacy-policy-p\">\n            V\u00edce informac\u00ed o tom, jak je pou\u017e\u00edv\u00e1me, naleznete v na\u0161ich z\u00e1sad\u00e1ch pou\u017e\u00edv\u00e1n\u00ed soubor\u016f cookie.\n        <\/p>\n    <\/li>\n    <li>\n        <h5 class=\"privacy-policy-h2\">Zabezpe\u010den\u00ed<\/h5>\n        <p class=\"privacy-policy-p\">\n            Bezpe\u010dnost va\u0161ich informac\u00ed je pro n\u00e1s d\u016fle\u017eit\u00e1 a budeme pou\u017e\u00edvat p\u0159im\u011b\u0159en\u00e1 bezpe\u010dnostn\u00ed opat\u0159en\u00ed, abychom zabr\u00e1nili ztr\u00e1t\u011b, zneu\u017eit\u00ed nebo neopr\u00e1vn\u011bn\u00e9 zm\u011bn\u011b va\u0161ich informac\u00ed.\n        <\/p>\n    <\/li>\n    <li>\n        <h5 class=\"privacy-policy-h2\">Pov\u011b\u0159enec pro ochranu osobn\u00edch \u00fadaj\u016f<\/h5>\n        <p class=\"privacy-policy-p\">\n            Pokud m\u00e1te jak\u00e9koli dotazy nebo obavy ohledn\u011b zpracov\u00e1n\u00ed va\u0161ich \u00fadaj\u016f, m\u016f\u017eete se obr\u00e1tit na na\u0161eho pov\u011b\u0159ence na e-mailov\u00e9 adrese rumovedegustace@rumme.cz nebo telefonicky na \u010d\u00edsle +420 734 484 804.\n        <\/p>\n    <\/li>\n<\/ol>\n<br><span>Datum \u00fa\u010dinnosti 1. ledna 2025<\/span>\n\n\n\n<\/div><\/div>\n<\/section>","protected":false},"excerpt":{"rendered":"<p>Z\u00e1sady ochrany osobn\u00edch \u00fadaj\u016f Spr\u00e1vce osobn\u00edch \u00fadaj\u016f Radek Navr\u00e1til, I\u010cO: 74820869, se s\u00eddlem Brno &#8211; \u017didenice, Velkopavlovick\u00e1 4084\/12, 62800, telefon: +420 734 484 804, e-mail: rumovedegustace@rumme.cz, na sb\u00edrce, pou\u017e\u00edv\u00e1n\u00ed a zve\u0159ej\u0148ov\u00e1n\u00ed va\u0161ich \u00fadaj\u016f, kter\u00e9 shroma\u017e\u010fujeme, kdy\u017e pou\u017e\u00edv\u00e1te na\u0161e webov\u00e9 str\u00e1nky (rumme.cz). (d\u00e1le jen &#8222;slu\u017eba&#8220;). P\u0159\u00edstupem nebo pou\u017e\u00edv\u00e1n\u00edm str\u00e1nek slu\u017eby souhlas\u00edte se shroma\u017e\u010fov\u00e1n\u00edm, pou\u017e\u00edv\u00e1n\u00edm a zp\u0159\u00edstup\u0148ov\u00e1n\u00edm [&hellip;]<\/p>","protected":false},"author":1,"featured_media":0,"parent":0,"menu_order":12,"comment_status":"closed","ping_status":"closed","template":"","meta":{"_acf_changed":false,"_breakdance_hide_in_design_set":false,"_breakdance_tags":"","iawp_total_views":1,"footnotes":""},"class_list":["post-11432","page","type-page","status-publish","hentry"],"acf":[],"yoast_head":"<!-- This site is optimized with the Yoast SEO plugin v27.4 - https:\/\/yoast.com\/product\/yoast-seo-wordpress\/ -->\n<title>Ochrana osobn\u00edch \u00fadaj\u016f | RumMe.cz<\/title>\n<meta name=\"robots\" content=\"index, follow, max-snippet:-1, max-image-preview:large, max-video-preview:-1\" \/>\n<link rel=\"canonical\" href=\"https:\/\/rumme.cz\/en\/ochrana-osobnich-udaju\/\" \/>\n<meta property=\"og:locale\" content=\"en_US\" \/>\n<meta property=\"og:type\" content=\"article\" \/>\n<meta property=\"og:title\" content=\"Ochrana osobn\u00edch \u00fadaj\u016f | RumMe.cz\" \/>\n<meta property=\"og:description\" content=\"Z\u00e1sady ochrany osobn\u00edch \u00fadaj\u016f Spr\u00e1vce osobn\u00edch \u00fadaj\u016f Radek Navr\u00e1til, I\u010cO: 74820869, se s\u00eddlem Brno - \u017didenice, Velkopavlovick\u00e1 4084\/12, 62800, telefon: +420 734 484 804, e-mail: rumovedegustace@rumme.cz, na sb\u00edrce, pou\u017e\u00edv\u00e1n\u00ed a zve\u0159ej\u0148ov\u00e1n\u00ed va\u0161ich \u00fadaj\u016f, kter\u00e9 shroma\u017e\u010fujeme, kdy\u017e pou\u017e\u00edv\u00e1te na\u0161e webov\u00e9 str\u00e1nky (rumme.cz). (d\u00e1le jen &quot;slu\u017eba&quot;). P\u0159\u00edstupem nebo pou\u017e\u00edv\u00e1n\u00edm str\u00e1nek slu\u017eby souhlas\u00edte se shroma\u017e\u010fov\u00e1n\u00edm, pou\u017e\u00edv\u00e1n\u00edm a zp\u0159\u00edstup\u0148ov\u00e1n\u00edm [&hellip;]\" \/>\n<meta property=\"og:url\" content=\"https:\/\/rumme.cz\/en\/ochrana-osobnich-udaju\/\" \/>\n<meta property=\"og:site_name\" content=\"RumMe.cz\" \/>\n<meta property=\"article:modified_time\" content=\"2025-02-23T11:05:00+00:00\" \/>\n<meta name=\"twitter:card\" content=\"summary_large_image\" \/>\n<script type=\"application\/ld+json\" class=\"yoast-schema-graph\">{\"@context\":\"https:\\\/\\\/schema.org\",\"@graph\":[{\"@type\":\"WebPage\",\"@id\":\"https:\\\/\\\/rumme.cz\\\/ochrana-osobnich-udaju\\\/\",\"url\":\"https:\\\/\\\/rumme.cz\\\/ochrana-osobnich-udaju\\\/\",\"name\":\"Ochrana osobn\u00edch \u00fadaj\u016f | RumMe.cz\",\"isPartOf\":{\"@id\":\"https:\\\/\\\/rumme.cz\\\/#website\"},\"datePublished\":\"2025-02-23T11:00:14+00:00\",\"dateModified\":\"2025-02-23T11:05:00+00:00\",\"breadcrumb\":{\"@id\":\"https:\\\/\\\/rumme.cz\\\/ochrana-osobnich-udaju\\\/#breadcrumb\"},\"inLanguage\":\"en-US\",\"potentialAction\":[{\"@type\":\"ReadAction\",\"target\":[\"https:\\\/\\\/rumme.cz\\\/ochrana-osobnich-udaju\\\/\"]}]},{\"@type\":\"BreadcrumbList\",\"@id\":\"https:\\\/\\\/rumme.cz\\\/ochrana-osobnich-udaju\\\/#breadcrumb\",\"itemListElement\":[{\"@type\":\"ListItem\",\"position\":1,\"name\":\"Dom\u016f\",\"item\":\"https:\\\/\\\/rumme.cz\\\/\"},{\"@type\":\"ListItem\",\"position\":2,\"name\":\"Ochrana osobn\u00edch \u00fadaj\u016f\"}]},{\"@type\":\"WebSite\",\"@id\":\"https:\\\/\\\/rumme.cz\\\/#website\",\"url\":\"https:\\\/\\\/rumme.cz\\\/\",\"name\":\"Rumme\",\"description\":\"\",\"publisher\":{\"@id\":\"https:\\\/\\\/rumme.cz\\\/#organization\"},\"potentialAction\":[{\"@type\":\"SearchAction\",\"target\":{\"@type\":\"EntryPoint\",\"urlTemplate\":\"https:\\\/\\\/rumme.cz\\\/?s={search_term_string}\"},\"query-input\":{\"@type\":\"PropertyValueSpecification\",\"valueRequired\":true,\"valueName\":\"search_term_string\"}}],\"inLanguage\":\"en-US\"},{\"@type\":\"Organization\",\"@id\":\"https:\\\/\\\/rumme.cz\\\/#organization\",\"name\":\"Rumme\",\"url\":\"https:\\\/\\\/rumme.cz\\\/\",\"logo\":{\"@type\":\"ImageObject\",\"inLanguage\":\"en-US\",\"@id\":\"https:\\\/\\\/rumme.cz\\\/#\\\/schema\\\/logo\\\/image\\\/\",\"url\":\"https:\\\/\\\/rumme.cz\\\/wp-content\\\/uploads\\\/2024\\\/09\\\/rumme-logo-black.webp\",\"contentUrl\":\"https:\\\/\\\/rumme.cz\\\/wp-content\\\/uploads\\\/2024\\\/09\\\/rumme-logo-black.webp\",\"width\":319,\"height\":100,\"caption\":\"Rumme\"},\"image\":{\"@id\":\"https:\\\/\\\/rumme.cz\\\/#\\\/schema\\\/logo\\\/image\\\/\"}}]}<\/script>\n<!-- \/ Yoast SEO plugin. -->","yoast_head_json":{"title":"Ochrana osobn\u00edch \u00fadaj\u016f | RumMe.cz","robots":{"index":"index","follow":"follow","max-snippet":"max-snippet:-1","max-image-preview":"max-image-preview:large","max-video-preview":"max-video-preview:-1"},"canonical":"https:\/\/rumme.cz\/en\/ochrana-osobnich-udaju\/","og_locale":"en_US","og_type":"article","og_title":"Ochrana osobn\u00edch \u00fadaj\u016f | RumMe.cz","og_description":"Z\u00e1sady ochrany osobn\u00edch \u00fadaj\u016f Spr\u00e1vce osobn\u00edch \u00fadaj\u016f Radek Navr\u00e1til, I\u010cO: 74820869, se s\u00eddlem Brno - \u017didenice, Velkopavlovick\u00e1 4084\/12, 62800, telefon: +420 734 484 804, e-mail: rumovedegustace@rumme.cz, na sb\u00edrce, pou\u017e\u00edv\u00e1n\u00ed a zve\u0159ej\u0148ov\u00e1n\u00ed va\u0161ich \u00fadaj\u016f, kter\u00e9 shroma\u017e\u010fujeme, kdy\u017e pou\u017e\u00edv\u00e1te na\u0161e webov\u00e9 str\u00e1nky (rumme.cz). (d\u00e1le jen \"slu\u017eba\"). P\u0159\u00edstupem nebo pou\u017e\u00edv\u00e1n\u00edm str\u00e1nek slu\u017eby souhlas\u00edte se shroma\u017e\u010fov\u00e1n\u00edm, pou\u017e\u00edv\u00e1n\u00edm a zp\u0159\u00edstup\u0148ov\u00e1n\u00edm [&hellip;]","og_url":"https:\/\/rumme.cz\/en\/ochrana-osobnich-udaju\/","og_site_name":"RumMe.cz","article_modified_time":"2025-02-23T11:05:00+00:00","twitter_card":"summary_large_image","schema":{"@context":"https:\/\/schema.org","@graph":[{"@type":"WebPage","@id":"https:\/\/rumme.cz\/ochrana-osobnich-udaju\/","url":"https:\/\/rumme.cz\/ochrana-osobnich-udaju\/","name":"Ochrana osobn\u00edch \u00fadaj\u016f | RumMe.cz","isPartOf":{"@id":"https:\/\/rumme.cz\/#website"},"datePublished":"2025-02-23T11:00:14+00:00","dateModified":"2025-02-23T11:05:00+00:00","breadcrumb":{"@id":"https:\/\/rumme.cz\/ochrana-osobnich-udaju\/#breadcrumb"},"inLanguage":"en-US","potentialAction":[{"@type":"ReadAction","target":["https:\/\/rumme.cz\/ochrana-osobnich-udaju\/"]}]},{"@type":"BreadcrumbList","@id":"https:\/\/rumme.cz\/ochrana-osobnich-udaju\/#breadcrumb","itemListElement":[{"@type":"ListItem","position":1,"name":"Dom\u016f","item":"https:\/\/rumme.cz\/"},{"@type":"ListItem","position":2,"name":"Ochrana osobn\u00edch \u00fadaj\u016f"}]},{"@type":"WebSite","@id":"https:\/\/rumme.cz\/#website","url":"https:\/\/rumme.cz\/","name":"Rumme","description":"","publisher":{"@id":"https:\/\/rumme.cz\/#organization"},"potentialAction":[{"@type":"SearchAction","target":{"@type":"EntryPoint","urlTemplate":"https:\/\/rumme.cz\/?s={search_term_string}"},"query-input":{"@type":"PropertyValueSpecification","valueRequired":true,"valueName":"search_term_string"}}],"inLanguage":"en-US"},{"@type":"Organization","@id":"https:\/\/rumme.cz\/#organization","name":"Rumme","url":"https:\/\/rumme.cz\/","logo":{"@type":"ImageObject","inLanguage":"en-US","@id":"https:\/\/rumme.cz\/#\/schema\/logo\/image\/","url":"https:\/\/rumme.cz\/wp-content\/uploads\/2024\/09\/rumme-logo-black.webp","contentUrl":"https:\/\/rumme.cz\/wp-content\/uploads\/2024\/09\/rumme-logo-black.webp","width":319,"height":100,"caption":"Rumme"},"image":{"@id":"https:\/\/rumme.cz\/#\/schema\/logo\/image\/"}}]}},"_links":{"self":[{"href":"https:\/\/rumme.cz\/en\/wp-json\/wp\/v2\/pages\/11432","targetHints":{"allow":["GET"]}}],"collection":[{"href":"https:\/\/rumme.cz\/en\/wp-json\/wp\/v2\/pages"}],"about":[{"href":"https:\/\/rumme.cz\/en\/wp-json\/wp\/v2\/types\/page"}],"author":[{"embeddable":true,"href":"https:\/\/rumme.cz\/en\/wp-json\/wp\/v2\/users\/1"}],"replies":[{"embeddable":true,"href":"https:\/\/rumme.cz\/en\/wp-json\/wp\/v2\/comments?post=11432"}],"version-history":[{"count":2,"href":"https:\/\/rumme.cz\/en\/wp-json\/wp\/v2\/pages\/11432\/revisions"}],"predecessor-version":[{"id":11438,"href":"https:\/\/rumme.cz\/en\/wp-json\/wp\/v2\/pages\/11432\/revisions\/11438"}],"wp:attachment":[{"href":"https:\/\/rumme.cz\/en\/wp-json\/wp\/v2\/media?parent=11432"}],"curies":[{"name":"wp","href":"https:\/\/api.w.org\/{rel}","templated":true}]}}