{"id":11418,"date":"2025-02-23T10:40:15","date_gmt":"2025-02-23T10:40:15","guid":{"rendered":"https:\/\/rumme.ondrejwebdesign.com\/?page_id=11418"},"modified":"2025-03-08T07:26:38","modified_gmt":"2025-03-08T07:26:38","slug":"barovy-catering","status":"publish","type":"page","link":"https:\/\/rumme.cz\/en\/barovy-catering\/","title":{"rendered":"Barov\u00fd catering"},"content":{"rendered":"<section class=\"bde-section-11418-100 bde-section\">\n  \n  \n\t\n\n\n\n<div class=\"section-container\"><div class=\"bde-columns-11418-101 bde-columns\"><div class=\"bde-column-11418-102 bde-column\">\n  \n  \n\t\n\n\n\n<h1 class=\"bde-heading-11418-104 bde-heading\">\nKoktejlov\u00fd bar\n<\/h1><h2 class=\"bde-heading-11418-107 bde-heading\">\n\u0160t\u011bst\u00ed si za pen\u00edze nekoup\u00edte, ale koktejl ano a to je t\u00e9m\u011b\u0159 to stejn\u00e9. \n<\/h2>\n<\/div><div class=\"bde-column-11418-103 bde-column\">\n  \n  \n\t\n\n\n\n<div class=\"bde-button-11418-105 bde-button bde-preset-778cf511-cba9-48bb-b8f7-3d01e126e0d2\">\n    \n                                    \n    \n    \n    \n    \n            \n                    \n            \n            \n\n    \n    \n    \n    \n    \n    <a class=\"breakdance-link button-atom button-atom--custom bde-button__button\" href=\"#poptavka-barovy-catering\" target=\"_self\" data-type=\"url\"  >\n\n    \n        <span class=\"button-atom__text\">Objednat barov\u00fd catering<\/span>\n\n                            \n        \n                <\/a>\n\n    \n\n\n<\/div>\n<\/div><\/div><img decoding=\"async\" class=\"bde-image2-11418-106 bde-image2 lazyload\" data-src=\"https:\/\/rumme.cz\/wp-content\/uploads\/2025\/02\/Koktejl-bar-2.webp\" data-srcset=\"https:\/\/rumme.cz\/wp-content\/uploads\/2025\/02\/Koktejl-bar-2.webp 1200w, https:\/\/rumme.cz\/wp-content\/uploads\/2025\/02\/Koktejl-bar-2-300x154.webp 300w, https:\/\/rumme.cz\/wp-content\/uploads\/2025\/02\/Koktejl-bar-2-1024x524.webp 1024w, https:\/\/rumme.cz\/wp-content\/uploads\/2025\/02\/Koktejl-bar-2-768x393.webp 768w\" data-sizes=\"(max-width: 1200px) 100vw, 1200px\" src=\"data:image\/svg+xml;base64,PHN2ZyB3aWR0aD0iMSIgaGVpZ2h0PSIxIiB4bWxucz0iaHR0cDovL3d3dy53My5vcmcvMjAwMC9zdmciPjwvc3ZnPg==\" style=\"--smush-placeholder-width: 1200px; --smush-placeholder-aspect-ratio: 1200\/614;\"><\/div>\n<\/section><section class=\"bde-section-11418-108 bde-section\">\n  \n  \n\t\n\n\n\n<div class=\"section-container\"><div class=\"bde-columns-11418-109 bde-columns\"><div class=\"bde-column-11418-110 bde-column\">\n  \n  \n\t\n\n\n\n<h2 class=\"bde-heading-11418-112 bde-heading\">\nKoktejlov\u00fd catering\n<\/h2><div class=\"bde-rich-text-11418-114 bde-rich-text breakdance-rich-text-styles\">\n<p>P\u0159ipravit chutn\u00fd koktejl je pro n\u00e1s hra\u010dka. A u\u017e se nad t\u00edm ani nepozastav\u00edme. V\u017edy n\u00e1s mile p\u0159ekvap\u00ed, jak\u00fd<strong> pozitivn\u00ed efekt maj\u00ed koktejly<\/strong> <strong>na<\/strong> <strong>atmosf\u00e9ru<\/strong> nejen dom\u00e1c\u00ed p\u00e1rty. Jak lid\u00e9 pr\u00e1ci barmana a jeho v\u00fdsledek \u2013 koktejl, dokonce obdivuj\u00ed. <strong>Ale ona to asi nen\u00ed hra\u010dka pro ka\u017ed\u00e9ho<\/strong>. \u010clov\u011bk, kter\u00fd barmansk\u00e9mu \u0159emeslu a\u017e tak nerozum\u00ed, je pak s\u00e1m nad\u0161en\u00fd a vd\u011b\u010dn\u00fd, kdy\u017e se mu v dom\u00e1c\u00edm prost\u0159ed\u00ed poda\u0159\u00ed nam\u00edchat dobr\u00fd koktejl. Lehk\u00e9 z\u00e1klady v\u00e1s m\u016f\u017eeme nau\u010dit. <\/p>\n<\/div><div class=\"bde-rich-text-11418-115 bde-rich-text breakdance-rich-text-styles\">\n<p>Nabyt\u00fdmi zku\u0161enotmi pozn\u00e1me u\u017e jen podle ochutn\u00e1n\u00ed, zda <strong>je koktejl vyv\u00e1\u017een\u00fd<\/strong> <strong>nebo by je\u0161t\u011b pot\u0159eboval doladit<\/strong>. A tak je pro n\u00e1s t\u011b\u017ek\u00e9 se ob\u010das pod\u00edvat na pr\u00e1ci barmana mimo n\u00e1\u0161 profesion\u00e1ln\u00ed pohled a uv\u011bdomit si, jak p\u0159\u00edprava koktejl\u016f m\u016f\u017ee b\u00fdt pro n\u011bkoho n\u00e1ro\u010dn\u00e1.<\/p>\n<\/div><div class=\"bde-rich-text-11418-118 bde-rich-text breakdance-rich-text-styles\">\n<p>Mobiln\u00ed <strong>koktejlov\u00fd bar m\u016f\u017ee b\u00fdt centrem z\u00e1bavy jak\u00e9hokoliv eventu<\/strong>, a\u0165 u\u017e jej po\u0159\u00e1d\u00e1te na zahrad\u011b, doma nebo ve v\u00fdrobn\u00ed hale.<strong> V\u0161e co se t\u00fdk\u00e1 koktejl\u016f zajist\u00edme my.<\/strong><\/p>\n<\/div><div class=\"bde-rich-text-11418-119 bde-rich-text breakdance-rich-text-styles\">\n<p><strong>Na v\u00e1s zb\u00fdv\u00e1 u\u017e\u00edt si pohodovou atmosf\u00e9ru<\/strong> <strong>s koktejlem v ruce<\/strong>.<\/p>\n<\/div>\n<\/div><div class=\"bde-column-11418-111 bde-column\">\n  \n  \n\t\n\n\n\n<div class=\"bde-gallery-11418-116 bde-gallery\">\n\n\n  \n\n\n\n\n\n\n\n\n\n\n<div class=\"ee-gallery ee-gallery--default ee-gallery--grid ee-gallery--single ee-gallery--lightbox ee-gallery-- ee-gallery--caption- ee-gallery--caption-none ee-gallery--ratio\">\n                  \n      <a class=\"ee-gallery-item ee-gallery-item--image ee-gallery-item--single\" href=\"https:\/\/rumme.cz\/wp-content\/uploads\/2025\/02\/ACSC4945-1024x768-1.webp\"  data-sub-html=\"\" data-category=\"1\"                  data-lg-size=\"1000-750\"\n\n      >\n        <figure class=\"ee-gallery-item-figure\">\n                        <img decoding=\"async\" class=\"breakdance-image-object lazyload\" data-src=\"https:\/\/rumme.cz\/wp-content\/uploads\/2025\/02\/ACSC4945-1024x768-1.webp\" width=\"1000\" height=\"750\" data-srcset=\"https:\/\/rumme.cz\/wp-content\/uploads\/2025\/02\/ACSC4945-1024x768-1.webp 1000w, https:\/\/rumme.cz\/wp-content\/uploads\/2025\/02\/ACSC4945-1024x768-1-300x225.webp 300w, https:\/\/rumme.cz\/wp-content\/uploads\/2025\/02\/ACSC4945-1024x768-1-768x576.webp 768w\" data-sizes=\"(max-width: 1000px) 100vw, 1000px\" src=\"data:image\/svg+xml;base64,PHN2ZyB3aWR0aD0iMSIgaGVpZ2h0PSIxIiB4bWxucz0iaHR0cDovL3d3dy53My5vcmcvMjAwMC9zdmciPjwvc3ZnPg==\" style=\"--smush-placeholder-width: 1000px; --smush-placeholder-aspect-ratio: 1000\/750;\">\n          \n                  <\/figure>\n      <\/a>\n\n                \n      <a class=\"ee-gallery-item ee-gallery-item--image ee-gallery-item--single\" href=\"https:\/\/rumme.cz\/wp-content\/uploads\/2025\/02\/BZXX0360-1024x768-1.webp\"  data-sub-html=\"\" data-category=\"1\"                  data-lg-size=\"800-600\"\n\n      >\n        <figure class=\"ee-gallery-item-figure\">\n                        <img decoding=\"async\" class=\"breakdance-image-object lazyload\" data-src=\"https:\/\/rumme.cz\/wp-content\/uploads\/2025\/02\/BZXX0360-1024x768-1.webp\" width=\"800\" height=\"600\" data-srcset=\"https:\/\/rumme.cz\/wp-content\/uploads\/2025\/02\/BZXX0360-1024x768-1.webp 800w, https:\/\/rumme.cz\/wp-content\/uploads\/2025\/02\/BZXX0360-1024x768-1-300x225.webp 300w, https:\/\/rumme.cz\/wp-content\/uploads\/2025\/02\/BZXX0360-1024x768-1-768x576.webp 768w\" data-sizes=\"(max-width: 800px) 100vw, 800px\" src=\"data:image\/svg+xml;base64,PHN2ZyB3aWR0aD0iMSIgaGVpZ2h0PSIxIiB4bWxucz0iaHR0cDovL3d3dy53My5vcmcvMjAwMC9zdmciPjwvc3ZnPg==\" style=\"--smush-placeholder-width: 800px; --smush-placeholder-aspect-ratio: 800\/600;\">\n          \n                  <\/figure>\n      <\/a>\n\n                \n      <a class=\"ee-gallery-item ee-gallery-item--image ee-gallery-item--single\" href=\"https:\/\/rumme.cz\/wp-content\/uploads\/2025\/02\/EMYI0715-768x1024-1.webp\"  data-sub-html=\"\" data-category=\"1\"                  data-lg-size=\"600-800\"\n\n      >\n        <figure class=\"ee-gallery-item-figure\">\n                        <img decoding=\"async\" class=\"breakdance-image-object lazyload\" data-src=\"https:\/\/rumme.cz\/wp-content\/uploads\/2025\/02\/EMYI0715-768x1024-1.webp\" width=\"600\" height=\"800\" data-srcset=\"https:\/\/rumme.cz\/wp-content\/uploads\/2025\/02\/EMYI0715-768x1024-1.webp 600w, https:\/\/rumme.cz\/wp-content\/uploads\/2025\/02\/EMYI0715-768x1024-1-225x300.webp 225w\" data-sizes=\"(max-width: 600px) 100vw, 600px\" src=\"data:image\/svg+xml;base64,PHN2ZyB3aWR0aD0iMSIgaGVpZ2h0PSIxIiB4bWxucz0iaHR0cDovL3d3dy53My5vcmcvMjAwMC9zdmciPjwvc3ZnPg==\" style=\"--smush-placeholder-width: 600px; --smush-placeholder-aspect-ratio: 600\/800;\">\n          \n                  <\/figure>\n      <\/a>\n\n                \n      <a class=\"ee-gallery-item ee-gallery-item--image ee-gallery-item--single\" href=\"https:\/\/rumme.cz\/wp-content\/uploads\/2025\/02\/HINZ8006-1024x768-1.webp\"  data-sub-html=\"\" data-category=\"1\"                  data-lg-size=\"1000-750\"\n\n      >\n        <figure class=\"ee-gallery-item-figure\">\n                        <img decoding=\"async\" class=\"breakdance-image-object lazyload\" data-src=\"https:\/\/rumme.cz\/wp-content\/uploads\/2025\/02\/HINZ8006-1024x768-1.webp\" width=\"1000\" height=\"750\" data-srcset=\"https:\/\/rumme.cz\/wp-content\/uploads\/2025\/02\/HINZ8006-1024x768-1.webp 1000w, https:\/\/rumme.cz\/wp-content\/uploads\/2025\/02\/HINZ8006-1024x768-1-300x225.webp 300w, https:\/\/rumme.cz\/wp-content\/uploads\/2025\/02\/HINZ8006-1024x768-1-768x576.webp 768w\" data-sizes=\"(max-width: 1000px) 100vw, 1000px\" src=\"data:image\/svg+xml;base64,PHN2ZyB3aWR0aD0iMSIgaGVpZ2h0PSIxIiB4bWxucz0iaHR0cDovL3d3dy53My5vcmcvMjAwMC9zdmciPjwvc3ZnPg==\" style=\"--smush-placeholder-width: 1000px; --smush-placeholder-aspect-ratio: 1000\/750;\">\n          \n                  <\/figure>\n      <\/a>\n\n        \n  <\/div>\n\n\n\n<\/div>\n<\/div><\/div><\/div>\n<\/section><section class=\"bde-section-11418-120 bde-section\">\n  \n  \n\t\n\n\n\n<div class=\"section-container\"><h2 class=\"bde-heading-11418-131 bde-heading\">\nPopt\u00e1vka barov\u00e9ho cateringu\n<\/h2><div class=\"bde-text-11418-132 bde-text\">\nNejprve si ujasn\u00edme Va\u0161i p\u0159edstavu o ud\u00e1losti, n\u00e1sledn\u011b po\u0161leme nab\u00eddku koktejl\u016f a barmansk\u00e9ho servisu a na z\u00e1v\u011br v\u0161e potvrd\u00edme.\n<\/div><div id=\"poptavka-barovy-catering\" class=\"bde-form-builder-11418-130 bde-form-builder\">\n\n\n<form id=\"poptavka-barovy-catering130\" class=\"breakdance-form breakdance-form--vertical\" data-options=\"{&quot;slug&quot;:&quot;custom&quot;,&quot;name&quot;:&quot;Popt\\u00e1vka - barov\\u00fd catering&quot;,&quot;ajaxUrl&quot;:&quot;https:\\\/\\\/rumme.cz\\\/wp-admin\\\/admin-ajax.php&quot;,&quot;clearOnSuccess&quot;:true,&quot;hideOnSuccess&quot;:false,&quot;successMessage&quot;:&quot;Va\\u0161e zpr\\u00e1va byla p\\u0159ijata. Ozveme se co nejd\\u0159\\u00edve.&quot;,&quot;errorMessage&quot;:&quot;N\\u011bco se pokazilo&quot;,&quot;redirect&quot;:false,&quot;redirectUrl&quot;:&quot;&quot;,&quot;customJavaScript&quot;:&quot;&quot;,&quot;recaptcha&quot;:{&quot;key&quot;:&quot;&quot;,&quot;enabled&quot;:false},&quot;honeypot_enabled&quot;:false,&quot;popupsOnSuccess&quot;:[],&quot;popupsOnError&quot;:[]}\" data-steps=\"0\" action=\"\" >\n  \n  \n  \n<div class=\"breakdance-form-field breakdance-form-field--text\" >\n    \n    \n            <label class=\"breakdance-form-field__label\" for=\"name\">\n            Name and surname<span class=\"breakdance-form-field__required\">*<\/span>\n        <\/label>\n    \n    <input\n    class=\"breakdance-form-field__input\"\n    id=\"name\"\n    aria-describedby=\"name\"\n    type=\"text\"\n    name=\"fields[name]\"\n    placeholder=\"Your name and surname\"\n    value=\"\"\n                \n        \n        \n    required\n>\n\n\n    \n    \n<\/div>\n\n\n<div class=\"breakdance-form-field breakdance-form-field--email\" >\n    \n    \n            <label class=\"breakdance-form-field__label\" for=\"email\">\n            E-mail<span class=\"breakdance-form-field__required\">*<\/span>\n        <\/label>\n    \n    <input\n    class=\"breakdance-form-field__input\"\n    id=\"email\"\n    aria-describedby=\"email\"\n    type=\"email\"\n    name=\"fields[email]\"\n    placeholder=\"Your e-mail\"\n    value=\"\"\n                \n        \n        \n    required\n>\n\n\n    \n    \n<\/div>\n\n\n<div class=\"breakdance-form-field breakdance-form-field--tel\" >\n    \n    \n            <label class=\"breakdance-form-field__label\" for=\"rbguft\">\n            Phone<span class=\"breakdance-form-field__required\">*<\/span>\n        <\/label>\n    \n    <input\n    class=\"breakdance-form-field__input\"\n    id=\"rbguft\"\n    aria-describedby=\"rbguft\"\n    type=\"tel\"\n    name=\"fields[rbguft]\"\n    placeholder=\"Va\u0161e telefonn\u00ed \u010d\u00edslo\"\n    value=\"\"\n                \n        \n        \n    required\n>\n\n\n    \n    \n<\/div>\n\n\n<div class=\"breakdance-form-field breakdance-form-field--textarea\" >\n    \n    \n            <label class=\"breakdance-form-field__label\" for=\"message\">\n            Zpr\u00e1va<span class=\"breakdance-form-field__required\">*<\/span>\n        <\/label>\n    \n    <textarea\n    class=\"breakdance-form-field__input\"\n    id=\"message\"\n    aria-describedby=\"message\"\n    type=\"textarea\"\n    name=\"fields[message]\"\n        placeholder=\"Va\u0161e zpr\u00e1va\"\n    required\n>\n<\/textarea>\n\n\n    \n    \n<\/div>\n\n\n<div class=\"breakdance-form-field breakdance-form-field--html\" >\n    \n    \n    \n    <div class=\"form-input-html\"\n    >\n  By submitting you agree to <a href=\"\/en\/ochrana-osobnich-udaju\/\">zpracov\u00e1n\u00edm osobn\u00edch \u00fadaj\u016f.<\/a>\n<\/div>\n\n\n    \n    \n<\/div>\n\n\n  \n\n<div class=\"breakdance-form-field breakdance-form-footer\">\n    \n    \n                                    \n    \n    \n    \n    \n            \n            <button type=\"submit\" class=\"button-atom button-atom--primary breakdance-form-button breakdance-form-button__submit\"  >\n    \n        <span class=\"button-atom__text\">Odeslat zpr\u00e1vu<\/span>\n\n        \n        \n            <\/button>\n    \n    <input type=\"hidden\" name=\"form_id\" value=\"130\">\n    <input type=\"hidden\" name=\"post_id\" value=\"11418\">\n<\/div>\n\n  \n<input type=\"hidden\" name=\"trp-form-language\" value=\"en\"\/><\/form>\n\n\n\n<\/div><\/div>\n<\/section>","protected":false},"excerpt":{"rendered":"<p>Koktejlov\u00fd bar \u0160t\u011bst\u00ed si za pen\u00edze nekoup\u00edte, ale koktejl ano a to je t\u00e9m\u011b\u0159 to stejn\u00e9. Objednat barov\u00fd catering Koktejlov\u00fd catering P\u0159ipravit chutn\u00fd koktejl je pro n\u00e1s hra\u010dka. A u\u017e se nad t\u00edm ani nepozastav\u00edme. V\u017edy n\u00e1s mile p\u0159ekvap\u00ed, jak\u00fd pozitivn\u00ed efekt maj\u00ed koktejly na atmosf\u00e9ru nejen dom\u00e1c\u00ed p\u00e1rty. Jak lid\u00e9 pr\u00e1ci barmana a jeho [&hellip;]<\/p>","protected":false},"author":1,"featured_media":0,"parent":0,"menu_order":11,"comment_status":"closed","ping_status":"closed","template":"","meta":{"_acf_changed":false,"_breakdance_hide_in_design_set":false,"_breakdance_tags":"","iawp_total_views":79,"footnotes":""},"class_list":["post-11418","page","type-page","status-publish","hentry"],"acf":[],"yoast_head":"<!-- This site is optimized with the Yoast SEO plugin v24.6 - https:\/\/yoast.com\/wordpress\/plugins\/seo\/ -->\n<title>Barov\u00fd catering \u2013 Koktejlov\u00fd bar na va\u0161i akci | RumMe.cz<\/title>\n<meta name=\"description\" content=\"Dop\u0159ejte si profesion\u00e1ln\u00ed barov\u00fd catering. Koktejlov\u00fd bar zajist\u00ed skv\u011bl\u00e9 drinky pro va\u0161i akci. U\u017eijte si dokonalou atmosf\u00e9ru s koktejlem.\" \/>\n<meta name=\"robots\" content=\"index, follow, max-snippet:-1, max-image-preview:large, max-video-preview:-1\" \/>\n<link rel=\"canonical\" href=\"https:\/\/rumme.cz\/en\/barovy-catering\/\" \/>\n<meta property=\"og:locale\" content=\"en_US\" \/>\n<meta property=\"og:type\" content=\"article\" \/>\n<meta property=\"og:title\" content=\"Barov\u00fd catering \u2013 Koktejlov\u00fd bar na va\u0161i akci | RumMe.cz\" \/>\n<meta property=\"og:description\" content=\"Dop\u0159ejte si profesion\u00e1ln\u00ed barov\u00fd catering. Koktejlov\u00fd bar zajist\u00ed skv\u011bl\u00e9 drinky pro va\u0161i akci. U\u017eijte si dokonalou atmosf\u00e9ru s koktejlem.\" \/>\n<meta property=\"og:url\" content=\"https:\/\/rumme.cz\/en\/barovy-catering\/\" \/>\n<meta property=\"og:site_name\" content=\"RumMe.cz\" \/>\n<meta property=\"article:modified_time\" content=\"2025-03-08T07:26:38+00:00\" \/>\n<meta name=\"twitter:card\" content=\"summary_large_image\" \/>\n<meta name=\"twitter:label1\" content=\"Est. reading time\" \/>\n\t<meta name=\"twitter:data1\" content=\"3 minutes\" \/>\n<script type=\"application\/ld+json\" class=\"yoast-schema-graph\">{\"@context\":\"https:\/\/schema.org\",\"@graph\":[{\"@type\":\"WebPage\",\"@id\":\"https:\/\/rumme.cz\/en\/barovy-catering\/\",\"url\":\"https:\/\/rumme.cz\/en\/barovy-catering\/\",\"name\":\"Barov\u00fd catering \u2013 Koktejlov\u00fd bar na va\u0161i akci | RumMe.cz\",\"isPartOf\":{\"@id\":\"https:\/\/rumme.cz\/#website\"},\"datePublished\":\"2025-02-23T10:40:15+00:00\",\"dateModified\":\"2025-03-08T07:26:38+00:00\",\"description\":\"Dop\u0159ejte si profesion\u00e1ln\u00ed barov\u00fd catering. Koktejlov\u00fd bar zajist\u00ed skv\u011bl\u00e9 drinky pro va\u0161i akci. U\u017eijte si dokonalou atmosf\u00e9ru s koktejlem.\",\"breadcrumb\":{\"@id\":\"https:\/\/rumme.cz\/en\/barovy-catering\/#breadcrumb\"},\"inLanguage\":\"en-US\",\"potentialAction\":[{\"@type\":\"ReadAction\",\"target\":[\"https:\/\/rumme.cz\/en\/barovy-catering\/\"]}]},{\"@type\":\"BreadcrumbList\",\"@id\":\"https:\/\/rumme.cz\/en\/barovy-catering\/#breadcrumb\",\"itemListElement\":[{\"@type\":\"ListItem\",\"position\":1,\"name\":\"Dom\u016f\",\"item\":\"https:\/\/rumme.cz\/\"},{\"@type\":\"ListItem\",\"position\":2,\"name\":\"Barov\u00fd catering\"}]},{\"@type\":\"WebSite\",\"@id\":\"https:\/\/rumme.cz\/#website\",\"url\":\"https:\/\/rumme.cz\/\",\"name\":\"Rumme\",\"description\":\"\",\"publisher\":{\"@id\":\"https:\/\/rumme.cz\/#organization\"},\"potentialAction\":[{\"@type\":\"SearchAction\",\"target\":{\"@type\":\"EntryPoint\",\"urlTemplate\":\"https:\/\/rumme.cz\/?s={search_term_string}\"},\"query-input\":{\"@type\":\"PropertyValueSpecification\",\"valueRequired\":true,\"valueName\":\"search_term_string\"}}],\"inLanguage\":\"en-US\"},{\"@type\":\"Organization\",\"@id\":\"https:\/\/rumme.cz\/#organization\",\"name\":\"Rumme\",\"url\":\"https:\/\/rumme.cz\/\",\"logo\":{\"@type\":\"ImageObject\",\"inLanguage\":\"en-US\",\"@id\":\"https:\/\/rumme.cz\/#\/schema\/logo\/image\/\",\"url\":\"https:\/\/rumme.cz\/wp-content\/uploads\/2024\/09\/rumme-logo-black.webp\",\"contentUrl\":\"https:\/\/rumme.cz\/wp-content\/uploads\/2024\/09\/rumme-logo-black.webp\",\"width\":319,\"height\":100,\"caption\":\"Rumme\"},\"image\":{\"@id\":\"https:\/\/rumme.cz\/#\/schema\/logo\/image\/\"}}]}<\/script>\n<!-- \/ Yoast SEO plugin. -->","yoast_head_json":{"title":"Barov\u00fd catering \u2013 Koktejlov\u00fd bar na va\u0161i akci | RumMe.cz","description":"Dop\u0159ejte si profesion\u00e1ln\u00ed barov\u00fd catering. Koktejlov\u00fd bar zajist\u00ed skv\u011bl\u00e9 drinky pro va\u0161i akci. U\u017eijte si dokonalou atmosf\u00e9ru s koktejlem.","robots":{"index":"index","follow":"follow","max-snippet":"max-snippet:-1","max-image-preview":"max-image-preview:large","max-video-preview":"max-video-preview:-1"},"canonical":"https:\/\/rumme.cz\/en\/barovy-catering\/","og_locale":"en_US","og_type":"article","og_title":"Barov\u00fd catering \u2013 Koktejlov\u00fd bar na va\u0161i akci | RumMe.cz","og_description":"Dop\u0159ejte si profesion\u00e1ln\u00ed barov\u00fd catering. Koktejlov\u00fd bar zajist\u00ed skv\u011bl\u00e9 drinky pro va\u0161i akci. U\u017eijte si dokonalou atmosf\u00e9ru s koktejlem.","og_url":"https:\/\/rumme.cz\/en\/barovy-catering\/","og_site_name":"RumMe.cz","article_modified_time":"2025-03-08T07:26:38+00:00","twitter_card":"summary_large_image","twitter_misc":{"Est. reading time":"3 minutes"},"schema":{"@context":"https:\/\/schema.org","@graph":[{"@type":"WebPage","@id":"https:\/\/rumme.cz\/en\/barovy-catering\/","url":"https:\/\/rumme.cz\/en\/barovy-catering\/","name":"Barov\u00fd catering \u2013 Koktejlov\u00fd bar na va\u0161i akci | RumMe.cz","isPartOf":{"@id":"https:\/\/rumme.cz\/#website"},"datePublished":"2025-02-23T10:40:15+00:00","dateModified":"2025-03-08T07:26:38+00:00","description":"Dop\u0159ejte si profesion\u00e1ln\u00ed barov\u00fd catering. Koktejlov\u00fd bar zajist\u00ed skv\u011bl\u00e9 drinky pro va\u0161i akci. U\u017eijte si dokonalou atmosf\u00e9ru s koktejlem.","breadcrumb":{"@id":"https:\/\/rumme.cz\/en\/barovy-catering\/#breadcrumb"},"inLanguage":"en-US","potentialAction":[{"@type":"ReadAction","target":["https:\/\/rumme.cz\/en\/barovy-catering\/"]}]},{"@type":"BreadcrumbList","@id":"https:\/\/rumme.cz\/en\/barovy-catering\/#breadcrumb","itemListElement":[{"@type":"ListItem","position":1,"name":"Dom\u016f","item":"https:\/\/rumme.cz\/"},{"@type":"ListItem","position":2,"name":"Barov\u00fd catering"}]},{"@type":"WebSite","@id":"https:\/\/rumme.cz\/#website","url":"https:\/\/rumme.cz\/","name":"Rumme","description":"","publisher":{"@id":"https:\/\/rumme.cz\/#organization"},"potentialAction":[{"@type":"SearchAction","target":{"@type":"EntryPoint","urlTemplate":"https:\/\/rumme.cz\/?s={search_term_string}"},"query-input":{"@type":"PropertyValueSpecification","valueRequired":true,"valueName":"search_term_string"}}],"inLanguage":"en-US"},{"@type":"Organization","@id":"https:\/\/rumme.cz\/#organization","name":"Rumme","url":"https:\/\/rumme.cz\/","logo":{"@type":"ImageObject","inLanguage":"en-US","@id":"https:\/\/rumme.cz\/#\/schema\/logo\/image\/","url":"https:\/\/rumme.cz\/wp-content\/uploads\/2024\/09\/rumme-logo-black.webp","contentUrl":"https:\/\/rumme.cz\/wp-content\/uploads\/2024\/09\/rumme-logo-black.webp","width":319,"height":100,"caption":"Rumme"},"image":{"@id":"https:\/\/rumme.cz\/#\/schema\/logo\/image\/"}}]}},"_links":{"self":[{"href":"https:\/\/rumme.cz\/en\/wp-json\/wp\/v2\/pages\/11418","targetHints":{"allow":["GET"]}}],"collection":[{"href":"https:\/\/rumme.cz\/en\/wp-json\/wp\/v2\/pages"}],"about":[{"href":"https:\/\/rumme.cz\/en\/wp-json\/wp\/v2\/types\/page"}],"author":[{"embeddable":true,"href":"https:\/\/rumme.cz\/en\/wp-json\/wp\/v2\/users\/1"}],"replies":[{"embeddable":true,"href":"https:\/\/rumme.cz\/en\/wp-json\/wp\/v2\/comments?post=11418"}],"version-history":[{"count":11,"href":"https:\/\/rumme.cz\/en\/wp-json\/wp\/v2\/pages\/11418\/revisions"}],"predecessor-version":[{"id":11444,"href":"https:\/\/rumme.cz\/en\/wp-json\/wp\/v2\/pages\/11418\/revisions\/11444"}],"wp:attachment":[{"href":"https:\/\/rumme.cz\/en\/wp-json\/wp\/v2\/media?parent=11418"}],"curies":[{"name":"wp","href":"https:\/\/api.w.org\/{rel}","templated":true}]}}