{"id":11244,"date":"2025-01-25T20:07:13","date_gmt":"2025-01-25T20:07:13","guid":{"rendered":"https:\/\/rumme.ondrejwebdesign.com\/?page_id=11244"},"modified":"2026-03-10T08:56:38","modified_gmt":"2026-03-10T08:56:38","slug":"verejne-degustace","status":"publish","type":"page","link":"https:\/\/rumme.cz\/en\/verejne-degustace\/","title":{"rendered":"Ve\u0159ejn\u00e9 rumov\u00e9 degustace"},"content":{"rendered":"<section class=\"bde-section-11244-104 bde-section\">\n  \n  \n\t\n\n\n\n<div class=\"section-container\"><h1 class=\"bde-heading-11244-101 bde-heading\">\nVe\u0159ejn\u00e9 degustace\n<\/h1><\/div>\n<\/section><section class=\"bde-section-11244-100 bde-section\">\n  \n  \n\t\n\n\n\n<div class=\"section-container\"><h2 class=\"bde-heading-11244-118 bde-heading\">\nTerm\u00edny napl\u00e1novan\u00fdch degustac\u00ed:\n<\/h2><div class=\"bde-rich-text-11244-131 bde-rich-text breakdance-rich-text-styles\">\n<p>12. 02. 2026 18:00 <strong><a href=\"https:\/\/rumme.cz\/en\/degustace-rumu-foursquare-brno\/\" target=\"_blank\" rel=\"noopener\">Rumy z destilerie Foursquare<\/a> (Poukaz Premium)<\/strong>, Brno \u2013 Cubana bar<br \/>19. 02. 2026 18:00 <strong>\u00davod do rumov\u00e9 sv\u011bta (Poukaz Basic), <\/strong><a href=\"http:\/\/www.vinarnasumperk.cz\/\" target=\"_blank\" rel=\"noopener\">\u0160umperk \u2013 Royal Wines<\/a><br \/>26. 02. 2026 18:00 <strong>Blend your own rum (Poukaz Premium)<\/strong>, Brno \u2013 Cubana bar<br \/>11. 04. 2026 18:00 <strong>Blend your own rum (Poukaz Premium)<\/strong>, Kyjov \u2013 Pra\u017e\u00edrna<\/p>\n<\/div><h2 class=\"bde-heading-11244-132 bde-heading\">\nProb\u011bhl\u00e9 degustace:\n<\/h2><div class=\"bde-rich-text-11244-133 bde-rich-text breakdance-rich-text-styles\">\n<p>24. 01. 2026 18:00 <a href=\"https:\/\/rumme.cz\/en\/rumova-cesta-kolem-sveta\/\" target=\"_blank\" rel=\"noopener\"><strong>Rumov\u00e1 cesta kolem sv\u011bta<\/strong>,<\/a> Kyjov - Pra\u017e\u00edrna<br \/>27. 11. 2025 18:00 <strong><a href=\"https:\/\/www.facebook.com\/events\/2369492503484381\" target=\"_blank\" rel=\"noopener\">\u00davod do rumov\u00e9 sv\u011bta (Poukaz Basic)<\/a>, <\/strong>Brno \u2013 Cubana bar<br \/>06. 11. 2025 18:00 <strong>Blend your own rum (Poukaz Premium)<\/strong>, Brno \u2013 Cubana bar<br \/>05.04. 2025 18:00 <strong>Blend your own rum (Premium)<\/strong>, Kyjov \u2013 Pra\u017e\u00edrna<br \/>27.3. 2025 18:00 <strong>Blend your own rum (Premium)<\/strong>, Brno \u2013 Cubana bar<br \/>20.3 2025 18:00 <strong>Barbados \u2013 z\u00e1\u017eitky z rumov\u00e9 konference<\/strong>, Brno \u2013 Cubana bar<br \/>28. 2. 2025 18:00 <strong>Blend your own rum (Premium)<\/strong>, Mokr\u00e1 Hor\u00e1kov, Mediat\u00e9ka<br \/>25. 1. 2025 18:00 <strong>Barbados \u2013 z\u00e1\u017eitky z rumov\u00e9 konference<\/strong>, Kyjov \u2013 Pra\u017e\u00edrna<br \/>24. 1. 2025 18:00 <strong>\u00davod do rumov\u00e9 sv\u011bta (Basic)<\/strong>, Velk\u00e9 Mezi\u0159\u00ed\u010d\u00ed \u2013 Kav\u00e1rna Sport Club<\/p>\n<\/div><div class=\"bde-rich-text-11244-134 bde-rich-text breakdance-rich-text-styles\">\n<p>Dal\u0161\u00ed term\u00edny budou p\u0159ib\u00fdvat postupn\u011b b\u011bhem roku.<br \/>Term\u00edny vypisuji zpravidla 1,5 m\u011bs\u00edce p\u0159ed kon\u00e1n\u00edm samotn\u00e9 degustace.<\/p>\n<\/div><\/div>\n<\/section><section class=\"bde-section-11244-153 bde-section\">\n  \n  \n\t\n\n\n\n<div class=\"section-container\"><div class=\"bde-image-11244-152 bde-image\">\n<figure class=\"breakdance-image breakdance-image--225\">\n\t<div class=\"breakdance-image-container\">\n\t\t<div class=\"breakdance-image-clip\"><img decoding=\"async\" class=\"breakdance-image-object lazyload\" data-src=\"https:\/\/rumme.cz\/wp-content\/uploads\/2024\/09\/separator-100.svg\" width=\"\" height=\"\" src=\"data:image\/svg+xml;base64,PHN2ZyB3aWR0aD0iMSIgaGVpZ2h0PSIxIiB4bWxucz0iaHR0cDovL3d3dy53My5vcmcvMjAwMC9zdmciPjwvc3ZnPg==\"><\/div>\n\t<\/div><\/figure>\n\n<\/div><\/div>\n<\/section><section class=\"bde-section-11244-135 bde-section\">\n  \n  \n\t\n\n\n\n<div class=\"section-container\"><h2 class=\"bde-heading-11244-136 bde-heading\">\nObjedn\u00e1vka a rezervace ve\u0159ejn\u00e9 rumov\u00e9 degustace\n<\/h2><div class=\"bde-text-11244-137 bde-text\">\nPokud chcete zakoupit vstupenku na ve\u0159ejnou degustaci, zvolte \"zakoupit vstupenku\". Pokud ji\u017e vstupenku \u010di poukaz m\u00e1te, jednodu\u0161e si rezervujte sv\u016fj term\u00edn a t\u011b\u0161te se na v\u00fdjime\u010dn\u00fd rumov\u00fd z\u00e1\u017eitek.\n<\/div><div class=\"bde-columns-11244-142 bde-columns\"><div class=\"bde-column-11244-143 bde-column\">\n  \n  \n\t\n\n\n\n<div id=\"zkoupit-vstupenky\" class=\"bde-button-11244-139 bde-button\">\n    \n                                    \n    \n    \n    \n    \n            \n            <button type=\"button\" class=\"button-atom button-atom--custom bde-button__button\"  >\n    \n        <span class=\"button-atom__text\">Zakoupit vstupenky<\/span>\n\n                            \n        \n            <\/button>\n    \n\n\n<\/div>\n<\/div><div class=\"bde-column-11244-144 bde-column\">\n  \n  \n\t\n\n\n\n<div id=\"rezervovat-degustaci\" class=\"bde-button-11244-140 bde-button\">\n    \n                                    \n    \n    \n    \n    \n            \n            <button type=\"button\" class=\"button-atom button-atom--custom bde-button__button\"  >\n    \n        <span class=\"button-atom__text\">Rezervovat degustaci<\/span>\n\n                            \n        \n            <\/button>\n    \n\n\n<\/div>\n<\/div><\/div><h2 id=\"zakoupit-nadpis\" class=\"bde-heading-11244-150 bde-heading hidden\">\nObjedn\u00e1vka vstupenky \u2013 ve\u0159ejn\u00e1 degustace\n<\/h2><div id=\"formular-zakoupit-degustaci\" class=\"bde-form-builder-11244-138 bde-form-builder hidden\">\n\n\n<form id=\"objednavka-vstupenky-na-verejnou-degustci138\" class=\"breakdance-form breakdance-form--vertical\" data-options=\"{&quot;slug&quot;:&quot;custom&quot;,&quot;name&quot;:&quot;Objedn\\u00e1vka - vstupenky na ve\\u0159ejnou degustci&quot;,&quot;ajaxUrl&quot;:&quot;https:\\\/\\\/rumme.cz\\\/wp-admin\\\/admin-ajax.php&quot;,&quot;clearOnSuccess&quot;:true,&quot;hideOnSuccess&quot;:false,&quot;successMessage&quot;:&quot;Va\\u0161e zpr\\u00e1va byla p\\u0159ijata. Ozveme se co nejd\\u0159\\u00edve.&quot;,&quot;errorMessage&quot;:&quot;N\\u011bco se pokazilo&quot;,&quot;redirect&quot;:false,&quot;redirectUrl&quot;:&quot;&quot;,&quot;customJavaScript&quot;:&quot;&quot;,&quot;recaptcha&quot;:{&quot;key&quot;:&quot;&quot;,&quot;enabled&quot;:false},&quot;honeypot_enabled&quot;:false,&quot;popupsOnSuccess&quot;:[],&quot;popupsOnError&quot;:[]}\" data-steps=\"0\" action=\"\" >\n  \n  \n  \n<div class=\"breakdance-form-field breakdance-form-field--text\" >\n    \n    \n            <label class=\"breakdance-form-field__label\" for=\"name\">\n            Name and surname<span class=\"breakdance-form-field__required\">*<\/span>\n        <\/label>\n    \n    <input\n    class=\"breakdance-form-field__input\"\n    id=\"name\"\n    aria-describedby=\"name\"\n    type=\"text\"\n    name=\"fields[name]\"\n    placeholder=\"Your name and surname\"\n    value=\"\"\n                \n        \n        \n    required\n>\n\n\n    \n    \n<\/div>\n\n\n<div class=\"breakdance-form-field breakdance-form-field--email\" >\n    \n    \n            <label class=\"breakdance-form-field__label\" for=\"email\">\n            E-mail<span class=\"breakdance-form-field__required\">*<\/span>\n        <\/label>\n    \n    <input\n    class=\"breakdance-form-field__input\"\n    id=\"email\"\n    aria-describedby=\"email\"\n    type=\"email\"\n    name=\"fields[email]\"\n    placeholder=\"Your e-mail\"\n    value=\"\"\n                \n        \n        \n    required\n>\n\n\n    \n    \n<\/div>\n\n\n<div class=\"breakdance-form-field breakdance-form-field--text\" >\n    \n    \n            <label class=\"breakdance-form-field__label\" for=\"rbguft\">\n            Term\u00edn a n\u00e1zev degustace<span class=\"breakdance-form-field__required\">*<\/span>\n        <\/label>\n    \n    <input\n    class=\"breakdance-form-field__input\"\n    id=\"rbguft\"\n    aria-describedby=\"rbguft\"\n    type=\"text\"\n    name=\"fields[rbguft]\"\n    placeholder=\"Term\u00edn a n\u00e1zev degustace\"\n    value=\"\"\n                \n        \n        \n    required\n>\n\n\n    \n    \n<\/div>\n\n\n<div class=\"breakdance-form-field breakdance-form-field--html\" >\n    \n    \n    \n    <div class=\"form-input-html\"\n    >\n  <p style=\"font-size: 16px;\">Vyberte term\u00edn ve\u0159ejn\u00e9 rumov\u00e9 degustace z aktu\u00e1ln\u00edho seznamu v\u00fd\u0161e.<\/p>\n<\/div>\n\n\n    \n    \n<\/div>\n\n\n<div class=\"breakdance-form-field breakdance-form-field--number\" >\n    \n    \n            <label class=\"breakdance-form-field__label\" for=\"number_pocet-vstupenek\">\n            Po\u010det vstupenek<span class=\"breakdance-form-field__required\">*<\/span>\n        <\/label>\n    \n    <input\n    class=\"breakdance-form-field__input\"\n    id=\"number_pocet-vstupenek\"\n    aria-describedby=\"number_pocet-vstupenek\"\n    type=\"number\"\n    name=\"fields[number_pocet-vstupenek]\"\n    placeholder=\"\"\n    value=\"\"\n                \n        \n        \n    required\n>\n\n\n    \n    \n<\/div>\n\n\n<div class=\"breakdance-form-field breakdance-form-field--html\" >\n    \n    \n    \n    <div class=\"form-input-html\"\n    >\n  By submitting you agree to <a href=\"\/en\/ochrana-osobnich-udaju\/\">zpracov\u00e1n\u00edm osobn\u00edch \u00fadaj\u016f.<\/a>\n<\/div>\n\n\n    \n    \n<\/div>\n\n\n  \n\n<div class=\"breakdance-form-field breakdance-form-footer\">\n    \n    \n                                    \n    \n    \n    \n    \n            \n            <button type=\"submit\" class=\"button-atom button-atom--primary breakdance-form-button breakdance-form-button__submit\"  >\n    \n        <span class=\"button-atom__text\">Odeslat objedn\u00e1vku<\/span>\n\n        \n        \n            <\/button>\n    \n    <input type=\"hidden\" name=\"form_id\" value=\"138\">\n    <input type=\"hidden\" name=\"post_id\" value=\"11244\">\n<\/div>\n\n  \n<input type=\"hidden\" name=\"trp-form-language\" value=\"en\"\/><\/form>\n\n\n\n<\/div><h2 id=\"rezervovat-nadpis\" class=\"bde-heading-11244-151 bde-heading hidden\">\nZ\u00e1vazn\u00e1 rezervace \u2013 ve\u0159ejn\u00e1 degustace\n<\/h2><div id=\"formular-rezervovat-degustaci\" class=\"bde-form-builder-11244-145 bde-form-builder hidden\">\n\n\n<form id=\"rezervace-verejna-degustace145\" class=\"breakdance-form breakdance-form--vertical\" data-options=\"{&quot;slug&quot;:&quot;custom&quot;,&quot;name&quot;:&quot;Rezervace - verejna degustace&quot;,&quot;ajaxUrl&quot;:&quot;https:\\\/\\\/rumme.cz\\\/wp-admin\\\/admin-ajax.php&quot;,&quot;clearOnSuccess&quot;:true,&quot;hideOnSuccess&quot;:false,&quot;successMessage&quot;:&quot;Va\\u0161e zpr\\u00e1va byla p\\u0159ijata. Ozveme se co nejd\\u0159\\u00edve.&quot;,&quot;errorMessage&quot;:&quot;N\\u011bco se pokazilo&quot;,&quot;redirect&quot;:false,&quot;redirectUrl&quot;:&quot;&quot;,&quot;customJavaScript&quot;:&quot;&quot;,&quot;recaptcha&quot;:{&quot;key&quot;:&quot;&quot;,&quot;enabled&quot;:false},&quot;honeypot_enabled&quot;:false,&quot;popupsOnSuccess&quot;:[],&quot;popupsOnError&quot;:[]}\" data-steps=\"0\" action=\"\" >\n  \n  \n  \n<div class=\"breakdance-form-field breakdance-form-field--text\" >\n    \n    \n            <label class=\"breakdance-form-field__label\" for=\"name\">\n            Name and surname<span class=\"breakdance-form-field__required\">*<\/span>\n        <\/label>\n    \n    <input\n    class=\"breakdance-form-field__input\"\n    id=\"name\"\n    aria-describedby=\"name\"\n    type=\"text\"\n    name=\"fields[name]\"\n    placeholder=\"Your name and surname\"\n    value=\"\"\n                \n        \n        \n    required\n>\n\n\n    \n    \n<\/div>\n\n\n<div class=\"breakdance-form-field breakdance-form-field--email\" >\n    \n    \n            <label class=\"breakdance-form-field__label\" for=\"email\">\n            E-mail<span class=\"breakdance-form-field__required\">*<\/span>\n        <\/label>\n    \n    <input\n    class=\"breakdance-form-field__input\"\n    id=\"email\"\n    aria-describedby=\"email\"\n    type=\"email\"\n    name=\"fields[email]\"\n    placeholder=\"Your e-mail\"\n    value=\"\"\n                \n        \n        \n    required\n>\n\n\n    \n    \n<\/div>\n\n\n<div class=\"breakdance-form-field breakdance-form-field--text\" >\n    \n    \n            <label class=\"breakdance-form-field__label\" for=\"rbguft\">\n            Term\u00edn a n\u00e1zev degustace<span class=\"breakdance-form-field__required\">*<\/span>\n        <\/label>\n    \n    <input\n    class=\"breakdance-form-field__input\"\n    id=\"rbguft\"\n    aria-describedby=\"rbguft\"\n    type=\"text\"\n    name=\"fields[rbguft]\"\n    placeholder=\"Term\u00edn a n\u00e1zev degustace\"\n    value=\"\"\n                \n        \n        \n    required\n>\n\n\n    \n    \n<\/div>\n\n\n<div class=\"breakdance-form-field breakdance-form-field--text\" >\n    \n    \n            <label class=\"breakdance-form-field__label\" for=\"\">\n            \u010c\u00edslo d\u00e1rkov\u00e9ho poukazu<span class=\"breakdance-form-field__required\">*<\/span>\n        <\/label>\n    \n    <input\n    class=\"breakdance-form-field__input\"\n    \n    \n    type=\"text\"\n    name=\"fields[text_cislo-darkoveho-poukazu]\"\n    placeholder=\"\"\n    value=\"\"\n                \n        \n        \n    required\n>\n\n\n    \n    \n<\/div>\n\n\n<div class=\"breakdance-form-field breakdance-form-field--html\" >\n    \n    \n    \n    <div class=\"form-input-html\"\n    >\n  By submitting you agree to <a href=\"\/en\/ochrana-osobnich-udaju\/\">zpracov\u00e1n\u00edm osobn\u00edch \u00fadaj\u016f.<\/a>\n<\/div>\n\n\n    \n    \n<\/div>\n\n\n  \n\n<div class=\"breakdance-form-field breakdance-form-footer\">\n    \n    \n                                    \n    \n    \n    \n    \n            \n            <button type=\"submit\" class=\"button-atom button-atom--primary breakdance-form-button breakdance-form-button__submit\"  >\n    \n        <span class=\"button-atom__text\">Rezervovat degustaci<\/span>\n\n        \n        \n            <\/button>\n    \n    <input type=\"hidden\" name=\"form_id\" value=\"145\">\n    <input type=\"hidden\" name=\"post_id\" value=\"11244\">\n<\/div>\n\n  \n<input type=\"hidden\" name=\"trp-form-language\" value=\"en\"\/><\/form>\n\n\n\n<\/div><\/div>\n<\/section>","protected":false},"excerpt":{"rendered":"<p>Ve\u0159ejn\u00e9 degustace Term\u00edny napl\u00e1novan\u00fdch degustac\u00ed: 12. 02. 2026 18:00 Rumy z destilerie Foursquare (Poukaz Premium), Brno \u2013 Cubana bar19. 02. 2026 18:00 \u00davod do rumov\u00e9 sv\u011bta (Poukaz Basic), \u0160umperk \u2013 Royal Wines26. 02. 2026 18:00 Blend your own rum (Poukaz Premium), Brno \u2013 Cubana bar11. 04. 2026 18:00 Blend your own rum (Poukaz Premium), Kyjov [&hellip;]<\/p>","protected":false},"author":1,"featured_media":0,"parent":0,"menu_order":10,"comment_status":"closed","ping_status":"closed","template":"","meta":{"_acf_changed":false,"_breakdance_hide_in_design_set":false,"_breakdance_tags":"","iawp_total_views":714,"footnotes":""},"class_list":["post-11244","page","type-page","status-publish","hentry"],"acf":[],"yoast_head":"<!-- This site is optimized with the Yoast SEO plugin v27.4 - https:\/\/yoast.com\/product\/yoast-seo-wordpress\/ -->\n<title>Ve\u0159ejn\u00e9 rumov\u00e9 degustace \u2013 Aktu\u00e1ln\u00ed ve\u0159ejn\u00e9 term\u00edny | RumMe.cz<\/title>\n<meta name=\"description\" content=\"Z\u00fa\u010dastn\u011bte se ve\u0159ejn\u00e9 rumov\u00e9 degustace. Objevte term\u00edny, rezervujte si m\u00edsto a za\u017eijte jedine\u010dn\u00fd sv\u011bt pr\u00e9miov\u00fdch rum\u016f.\" \/>\n<meta name=\"robots\" content=\"index, follow, max-snippet:-1, max-image-preview:large, max-video-preview:-1\" \/>\n<link rel=\"canonical\" href=\"https:\/\/rumme.cz\/en\/verejne-degustace\/\" \/>\n<meta property=\"og:locale\" content=\"en_US\" \/>\n<meta property=\"og:type\" content=\"article\" \/>\n<meta property=\"og:title\" content=\"Ve\u0159ejn\u00e9 rumov\u00e9 degustace \u2013 Aktu\u00e1ln\u00ed ve\u0159ejn\u00e9 term\u00edny | RumMe.cz\" \/>\n<meta property=\"og:description\" content=\"Z\u00fa\u010dastn\u011bte se ve\u0159ejn\u00e9 rumov\u00e9 degustace. Objevte term\u00edny, rezervujte si m\u00edsto a za\u017eijte jedine\u010dn\u00fd sv\u011bt pr\u00e9miov\u00fdch rum\u016f.\" \/>\n<meta property=\"og:url\" content=\"https:\/\/rumme.cz\/en\/verejne-degustace\/\" \/>\n<meta property=\"og:site_name\" content=\"RumMe.cz\" \/>\n<meta property=\"article:modified_time\" content=\"2026-03-10T08:56:38+00:00\" \/>\n<meta name=\"twitter:card\" content=\"summary_large_image\" \/>\n<meta name=\"twitter:label1\" content=\"Est. reading time\" \/>\n\t<meta name=\"twitter:data1\" content=\"2 minutes\" \/>\n<script type=\"application\/ld+json\" class=\"yoast-schema-graph\">{\"@context\":\"https:\\\/\\\/schema.org\",\"@graph\":[{\"@type\":\"WebPage\",\"@id\":\"https:\\\/\\\/rumme.cz\\\/verejne-degustace\\\/\",\"url\":\"https:\\\/\\\/rumme.cz\\\/verejne-degustace\\\/\",\"name\":\"Ve\u0159ejn\u00e9 rumov\u00e9 degustace \u2013 Aktu\u00e1ln\u00ed ve\u0159ejn\u00e9 term\u00edny | RumMe.cz\",\"isPartOf\":{\"@id\":\"https:\\\/\\\/rumme.cz\\\/#website\"},\"datePublished\":\"2025-01-25T20:07:13+00:00\",\"dateModified\":\"2026-03-10T08:56:38+00:00\",\"description\":\"Z\u00fa\u010dastn\u011bte se ve\u0159ejn\u00e9 rumov\u00e9 degustace. Objevte term\u00edny, rezervujte si m\u00edsto a za\u017eijte jedine\u010dn\u00fd sv\u011bt pr\u00e9miov\u00fdch rum\u016f.\",\"breadcrumb\":{\"@id\":\"https:\\\/\\\/rumme.cz\\\/verejne-degustace\\\/#breadcrumb\"},\"inLanguage\":\"en-US\",\"potentialAction\":[{\"@type\":\"ReadAction\",\"target\":[\"https:\\\/\\\/rumme.cz\\\/verejne-degustace\\\/\"]}]},{\"@type\":\"BreadcrumbList\",\"@id\":\"https:\\\/\\\/rumme.cz\\\/verejne-degustace\\\/#breadcrumb\",\"itemListElement\":[{\"@type\":\"ListItem\",\"position\":1,\"name\":\"Dom\u016f\",\"item\":\"https:\\\/\\\/rumme.cz\\\/\"},{\"@type\":\"ListItem\",\"position\":2,\"name\":\"Ve\u0159ejn\u00e9 rumov\u00e9 degustace\"}]},{\"@type\":\"WebSite\",\"@id\":\"https:\\\/\\\/rumme.cz\\\/#website\",\"url\":\"https:\\\/\\\/rumme.cz\\\/\",\"name\":\"Rumme\",\"description\":\"\",\"publisher\":{\"@id\":\"https:\\\/\\\/rumme.cz\\\/#organization\"},\"potentialAction\":[{\"@type\":\"SearchAction\",\"target\":{\"@type\":\"EntryPoint\",\"urlTemplate\":\"https:\\\/\\\/rumme.cz\\\/?s={search_term_string}\"},\"query-input\":{\"@type\":\"PropertyValueSpecification\",\"valueRequired\":true,\"valueName\":\"search_term_string\"}}],\"inLanguage\":\"en-US\"},{\"@type\":\"Organization\",\"@id\":\"https:\\\/\\\/rumme.cz\\\/#organization\",\"name\":\"Rumme\",\"url\":\"https:\\\/\\\/rumme.cz\\\/\",\"logo\":{\"@type\":\"ImageObject\",\"inLanguage\":\"en-US\",\"@id\":\"https:\\\/\\\/rumme.cz\\\/#\\\/schema\\\/logo\\\/image\\\/\",\"url\":\"https:\\\/\\\/rumme.cz\\\/wp-content\\\/uploads\\\/2024\\\/09\\\/rumme-logo-black.webp\",\"contentUrl\":\"https:\\\/\\\/rumme.cz\\\/wp-content\\\/uploads\\\/2024\\\/09\\\/rumme-logo-black.webp\",\"width\":319,\"height\":100,\"caption\":\"Rumme\"},\"image\":{\"@id\":\"https:\\\/\\\/rumme.cz\\\/#\\\/schema\\\/logo\\\/image\\\/\"}}]}<\/script>\n<!-- \/ Yoast SEO plugin. -->","yoast_head_json":{"title":"Ve\u0159ejn\u00e9 rumov\u00e9 degustace \u2013 Aktu\u00e1ln\u00ed ve\u0159ejn\u00e9 term\u00edny | RumMe.cz","description":"Z\u00fa\u010dastn\u011bte se ve\u0159ejn\u00e9 rumov\u00e9 degustace. Objevte term\u00edny, rezervujte si m\u00edsto a za\u017eijte jedine\u010dn\u00fd sv\u011bt pr\u00e9miov\u00fdch rum\u016f.","robots":{"index":"index","follow":"follow","max-snippet":"max-snippet:-1","max-image-preview":"max-image-preview:large","max-video-preview":"max-video-preview:-1"},"canonical":"https:\/\/rumme.cz\/en\/verejne-degustace\/","og_locale":"en_US","og_type":"article","og_title":"Ve\u0159ejn\u00e9 rumov\u00e9 degustace \u2013 Aktu\u00e1ln\u00ed ve\u0159ejn\u00e9 term\u00edny | RumMe.cz","og_description":"Z\u00fa\u010dastn\u011bte se ve\u0159ejn\u00e9 rumov\u00e9 degustace. Objevte term\u00edny, rezervujte si m\u00edsto a za\u017eijte jedine\u010dn\u00fd sv\u011bt pr\u00e9miov\u00fdch rum\u016f.","og_url":"https:\/\/rumme.cz\/en\/verejne-degustace\/","og_site_name":"RumMe.cz","article_modified_time":"2026-03-10T08:56:38+00:00","twitter_card":"summary_large_image","twitter_misc":{"Est. reading time":"2 minutes"},"schema":{"@context":"https:\/\/schema.org","@graph":[{"@type":"WebPage","@id":"https:\/\/rumme.cz\/verejne-degustace\/","url":"https:\/\/rumme.cz\/verejne-degustace\/","name":"Ve\u0159ejn\u00e9 rumov\u00e9 degustace \u2013 Aktu\u00e1ln\u00ed ve\u0159ejn\u00e9 term\u00edny | RumMe.cz","isPartOf":{"@id":"https:\/\/rumme.cz\/#website"},"datePublished":"2025-01-25T20:07:13+00:00","dateModified":"2026-03-10T08:56:38+00:00","description":"Z\u00fa\u010dastn\u011bte se ve\u0159ejn\u00e9 rumov\u00e9 degustace. Objevte term\u00edny, rezervujte si m\u00edsto a za\u017eijte jedine\u010dn\u00fd sv\u011bt pr\u00e9miov\u00fdch rum\u016f.","breadcrumb":{"@id":"https:\/\/rumme.cz\/verejne-degustace\/#breadcrumb"},"inLanguage":"en-US","potentialAction":[{"@type":"ReadAction","target":["https:\/\/rumme.cz\/verejne-degustace\/"]}]},{"@type":"BreadcrumbList","@id":"https:\/\/rumme.cz\/verejne-degustace\/#breadcrumb","itemListElement":[{"@type":"ListItem","position":1,"name":"Dom\u016f","item":"https:\/\/rumme.cz\/"},{"@type":"ListItem","position":2,"name":"Ve\u0159ejn\u00e9 rumov\u00e9 degustace"}]},{"@type":"WebSite","@id":"https:\/\/rumme.cz\/#website","url":"https:\/\/rumme.cz\/","name":"Rumme","description":"","publisher":{"@id":"https:\/\/rumme.cz\/#organization"},"potentialAction":[{"@type":"SearchAction","target":{"@type":"EntryPoint","urlTemplate":"https:\/\/rumme.cz\/?s={search_term_string}"},"query-input":{"@type":"PropertyValueSpecification","valueRequired":true,"valueName":"search_term_string"}}],"inLanguage":"en-US"},{"@type":"Organization","@id":"https:\/\/rumme.cz\/#organization","name":"Rumme","url":"https:\/\/rumme.cz\/","logo":{"@type":"ImageObject","inLanguage":"en-US","@id":"https:\/\/rumme.cz\/#\/schema\/logo\/image\/","url":"https:\/\/rumme.cz\/wp-content\/uploads\/2024\/09\/rumme-logo-black.webp","contentUrl":"https:\/\/rumme.cz\/wp-content\/uploads\/2024\/09\/rumme-logo-black.webp","width":319,"height":100,"caption":"Rumme"},"image":{"@id":"https:\/\/rumme.cz\/#\/schema\/logo\/image\/"}}]}},"_links":{"self":[{"href":"https:\/\/rumme.cz\/en\/wp-json\/wp\/v2\/pages\/11244","targetHints":{"allow":["GET"]}}],"collection":[{"href":"https:\/\/rumme.cz\/en\/wp-json\/wp\/v2\/pages"}],"about":[{"href":"https:\/\/rumme.cz\/en\/wp-json\/wp\/v2\/types\/page"}],"author":[{"embeddable":true,"href":"https:\/\/rumme.cz\/en\/wp-json\/wp\/v2\/users\/1"}],"replies":[{"embeddable":true,"href":"https:\/\/rumme.cz\/en\/wp-json\/wp\/v2\/comments?post=11244"}],"version-history":[{"count":60,"href":"https:\/\/rumme.cz\/en\/wp-json\/wp\/v2\/pages\/11244\/revisions"}],"predecessor-version":[{"id":12081,"href":"https:\/\/rumme.cz\/en\/wp-json\/wp\/v2\/pages\/11244\/revisions\/12081"}],"wp:attachment":[{"href":"https:\/\/rumme.cz\/en\/wp-json\/wp\/v2\/media?parent=11244"}],"curies":[{"name":"wp","href":"https:\/\/api.w.org\/{rel}","templated":true}]}}